{"id":1628,"date":"2024-11-28T07:34:22","date_gmt":"2024-11-28T07:34:22","guid":{"rendered":"https:\/\/lucycovn.com\/?page_id=1628"},"modified":"2024-12-02T01:01:57","modified_gmt":"2024-12-02T01:01:57","slug":"van-chuyen-duong-bien","status":"publish","type":"page","link":"https:\/\/lucycovn.com\/index.php\/van-chuyen-duong-bien\/","title":{"rendered":"V\u1eadn chuy\u1ec3n \u0111\u01b0\u1eddng bi\u1ec3n"},"content":{"rendered":"\t\t<div data-elementor-type=\"wp-page\" data-elementor-id=\"1628\" class=\"elementor elementor-1628\" data-elementor-settings=\"[]\">\n\t\t\t\t\t\t\t<div class=\"elementor-section-wrap\">\n\t\t\t\t\t\t\t<section class=\"elementor-section elementor-top-section elementor-element elementor-element-974eb56 elementor-section-boxed elementor-section-height-default elementor-section-height-default\" data-id=\"974eb56\" data-element_type=\"section\">\n\t\t\t\t\t\t<div class=\"elementor-container elementor-column-gap-default\">\n\t\t\t\t\t<div class=\"elementor-column elementor-col-100 elementor-top-column elementor-element elementor-element-07d8163\" data-id=\"07d8163\" data-element_type=\"column\">\n\t\t\t<div class=\"elementor-widget-wrap elementor-element-populated\">\n\t\t\t\t\t\t\t\t<div class=\"elementor-element elementor-element-e45f9ee elementor-widget elementor-widget-heading\" data-id=\"e45f9ee\" data-element_type=\"widget\" data-widget_type=\"heading.default\">\n\t\t\t\t<div class=\"elementor-widget-container\">\n\t\t\t<h2 class=\"elementor-heading-title elementor-size-default\">D\u1ecbch v\u1ee5 V\u1eadn chuy\u1ec3n \u0111\u01b0\u1eddng bi\u1ec3n<\/h2>\t\t<\/div>\n\t\t\t\t<\/div>\n\t\t\t\t\t<\/div>\n\t\t<\/div>\n\t\t\t\t\t\t\t<\/div>\n\t\t<\/section>\n\t\t\t\t<section class=\"elementor-section elementor-top-section elementor-element elementor-element-afb1e2d elementor-section-boxed elementor-section-height-default elementor-section-height-default\" data-id=\"afb1e2d\" data-element_type=\"section\">\n\t\t\t\t\t\t<div class=\"elementor-container elementor-column-gap-default\">\n\t\t\t\t\t<div class=\"elementor-column elementor-col-100 elementor-top-column elementor-element elementor-element-c0797f4\" data-id=\"c0797f4\" data-element_type=\"column\">\n\t\t\t<div class=\"elementor-widget-wrap elementor-element-populated\">\n\t\t\t\t\t\t\t\t<div class=\"elementor-element elementor-element-2f86564 elementor-widget elementor-widget-text-editor\" data-id=\"2f86564\" data-element_type=\"widget\" data-widget_type=\"text-editor.default\">\n\t\t\t\t<div class=\"elementor-widget-container\">\n\t\t\t\t\t\t\t<p><strong>C\u00f4ng ty TNHH Th\u01b0\u01a1ng m\u1ea1i v\u00e0 V\u1eadn chuy\u1ec3n LUCYCO<\/strong> t\u1ef1 h\u00e0o l\u00e0 m\u1ed9t trong nh\u1eefng \u0111\u01a1n v\u1ecb h\u00e0ng \u0111\u1ea7u t\u1ea1i H\u1ea3i Ph\u00f2ng cung c\u1ea5p d\u1ecbch v\u1ee5 v\u1eadn chuy\u1ec3n \u0111\u01b0\u1eddng bi\u1ec3n uy t\u00edn, chuy\u00ean nghi\u1ec7p v\u00e0 hi\u1ec7u qu\u1ea3. V\u1edbi \u0111\u1ecba ch\u1ec9 t\u1ecda l\u1ea1c t\u1ea1i Qu\u1eadn H\u1ea3i An, Th\u00e0nh ph\u1ed1 H\u1ea3i Ph\u00f2ng &#8211; trung t\u00e2m c\u1ea3ng bi\u1ec3n c\u1ee7a th\u00e0nh ph\u1ed1, ch\u00fang t\u00f4i mang \u0111\u1ebfn c\u00e1c gi\u1ea3i ph\u00e1p v\u1eadn chuy\u1ec3n to\u00e0n di\u1ec7n, \u0111\u00e1p \u1ee9ng m\u1ecdi nhu c\u1ea7u c\u1ee7a kh\u00e1ch h\u00e0ng trong n\u01b0\u1edbc v\u00e0 qu\u1ed1c t\u1ebf.<\/p>\t\t\t\t\t\t<\/div>\n\t\t\t\t<\/div>\n\t\t\t\t\t<\/div>\n\t\t<\/div>\n\t\t\t\t\t\t\t<\/div>\n\t\t<\/section>\n\t\t\t\t<section class=\"elementor-section elementor-top-section elementor-element elementor-element-3f25c42 elementor-section-boxed elementor-section-height-default elementor-section-height-default\" data-id=\"3f25c42\" data-element_type=\"section\">\n\t\t\t\t\t\t<div class=\"elementor-container elementor-column-gap-default\">\n\t\t\t\t\t<div class=\"elementor-column elementor-col-50 elementor-top-column elementor-element elementor-element-9340fc6\" data-id=\"9340fc6\" data-element_type=\"column\">\n\t\t\t<div class=\"elementor-widget-wrap elementor-element-populated\">\n\t\t\t\t\t\t\t\t<div class=\"elementor-element elementor-element-c9e7f37 elementor-widget elementor-widget-image\" data-id=\"c9e7f37\" data-element_type=\"widget\" data-widget_type=\"image.default\">\n\t\t\t\t<div class=\"elementor-widget-container\">\n\t\t\t\t\t\t\t\t\t\t\t\t\t\t\t<img loading=\"lazy\" decoding=\"async\" width=\"800\" height=\"533\" src=\"https:\/\/lucycovn.com\/wp-content\/uploads\/2024\/11\/slide6-min.jpg\" class=\"attachment-large size-large\" alt=\"\" srcset=\"https:\/\/lucycovn.com\/wp-content\/uploads\/2024\/11\/slide6-min.jpg 800w, https:\/\/lucycovn.com\/wp-content\/uploads\/2024\/11\/slide6-min-300x200.jpg 300w, https:\/\/lucycovn.com\/wp-content\/uploads\/2024\/11\/slide6-min-768x512.jpg 768w\" sizes=\"(max-width: 800px) 100vw, 800px\" \/>\t\t\t\t\t\t\t\t\t\t\t\t\t\t\t<\/div>\n\t\t\t\t<\/div>\n\t\t\t\t\t<\/div>\n\t\t<\/div>\n\t\t\t\t<div class=\"elementor-column elementor-col-50 elementor-top-column elementor-element elementor-element-f6097f6\" data-id=\"f6097f6\" data-element_type=\"column\">\n\t\t\t<div class=\"elementor-widget-wrap elementor-element-populated\">\n\t\t\t\t\t\t\t\t<div class=\"elementor-element elementor-element-ff5555d elementor-widget elementor-widget-text-editor\" data-id=\"ff5555d\" data-element_type=\"widget\" data-widget_type=\"text-editor.default\">\n\t\t\t\t<div class=\"elementor-widget-container\">\n\t\t\t\t\t\t\t<h3><strong>T\u1ea1i sao n\u00ean ch\u1ecdn d\u1ecbch v\u1ee5 v\u1eadn chuy\u1ec3n \u0111\u01b0\u1eddng bi\u1ec3n c\u1ee7a LUCYCO?<\/strong><\/h3><ol><li><p><strong>\u0110\u1ed9i ng\u0169 chuy\u00ean nghi\u1ec7p, kinh nghi\u1ec7m d\u00e0y d\u1eb7n<\/strong><br \/>V\u1edbi \u0111\u1ed9i ng\u0169 nh\u00e2n vi\u00ean \u0111\u01b0\u1ee3c \u0111\u00e0o t\u1ea1o b\u00e0i b\u1ea3n v\u00e0 gi\u00e0u kinh nghi\u1ec7m, LUCYCO cam k\u1ebft h\u1ed7 tr\u1ee3 kh\u00e1ch h\u00e0ng trong m\u1ecdi kh\u00e2u, t\u1eeb t\u01b0 v\u1ea5n, l\u00ean k\u1ebf ho\u1ea1ch v\u1eadn chuy\u1ec3n \u0111\u1ebfn theo d\u00f5i l\u1ed9 tr\u00ecnh h\u00e0ng h\u00f3a.<\/p><\/li><li><p><strong>M\u1ea1ng l\u01b0\u1edbi \u0111\u1ed1i t\u00e1c r\u1ed9ng kh\u1eafp<\/strong><br \/>LUCYCO h\u1ee3p t\u00e1c v\u1edbi nhi\u1ec1u h\u00e3ng t\u00e0u l\u1edbn, c\u00f3 uy t\u00edn tr\u00ean th\u1ebf gi\u1edbi, gi\u00fap t\u1ed1i \u01b0u h\u00f3a th\u1eddi gian v\u1eadn chuy\u1ec3n v\u00e0 \u0111\u1ea3m b\u1ea3o h\u00e0ng h\u00f3a lu\u00f4n \u0111\u01b0\u1ee3c giao nh\u1eadn \u0111\u00fang h\u1ea1n, an to\u00e0n.<\/p><\/li><li><p><strong>D\u1ecbch v\u1ee5 \u0111a d\u1ea1ng v\u00e0 linh ho\u1ea1t<\/strong><br \/>Ch\u00fang t\u00f4i cung c\u1ea5p c\u00e1c d\u1ecbch v\u1ee5 v\u1eadn chuy\u1ec3n \u0111\u01b0\u1eddng bi\u1ec3n t\u1eeb h\u00e0ng l\u1ebb (LCL) \u0111\u1ebfn h\u00e0ng nguy\u00ean container (FCL), h\u00e0ng si\u00eau tr\u01b0\u1eddng, si\u00eau tr\u1ecdng, v\u00e0 c\u1ea3 h\u00e0ng \u0111\u00f4ng l\u1ea1nh.<\/p><\/li><li><p><strong>Gi\u00e1 c\u1ea3 c\u1ea1nh tranh<\/strong><br \/>V\u1edbi chi ph\u00ed h\u1ee3p l\u00fd v\u00e0 nhi\u1ec1u ch\u00ednh s\u00e1ch \u01b0u \u0111\u00e3i, LUCYCO gi\u00fap kh\u00e1ch h\u00e0ng ti\u1ebft ki\u1ec7m t\u1ed1i \u0111a chi ph\u00ed v\u1eadn chuy\u1ec3n m\u00e0 v\u1eabn \u0111\u1ea3m b\u1ea3o ch\u1ea5t l\u01b0\u1ee3ng d\u1ecbch v\u1ee5.<\/p><\/li><li><p><strong>V\u1ecb tr\u00ed thu\u1eadn l\u1ee3i<\/strong><br \/>H\u1ea3i Ph\u00f2ng l\u00e0 trung t\u00e2m c\u1ea3ng bi\u1ec3n l\u1edbn nh\u1ea5t mi\u1ec1n B\u1eafc Vi\u1ec7t Nam, LUCYCO t\u1eadn d\u1ee5ng l\u1ee3i th\u1ebf \u0111\u1ecba l\u00fd n\u00e0y \u0111\u1ec3 k\u1ebft n\u1ed1i nhanh ch\u00f3ng v\u00e0 thu\u1eadn ti\u1ec7n gi\u1eefa c\u00e1c tuy\u1ebfn v\u1eadn t\u1ea3i bi\u1ec3n trong n\u01b0\u1edbc v\u00e0 qu\u1ed1c t\u1ebf.<\/p><\/li><\/ol>\t\t\t\t\t\t<\/div>\n\t\t\t\t<\/div>\n\t\t\t\t\t<\/div>\n\t\t<\/div>\n\t\t\t\t\t\t\t<\/div>\n\t\t<\/section>\n\t\t\t\t<section class=\"elementor-section elementor-top-section elementor-element elementor-element-d9fe247 elementor-section-boxed elementor-section-height-default elementor-section-height-default\" data-id=\"d9fe247\" data-element_type=\"section\">\n\t\t\t\t\t\t<div class=\"elementor-container elementor-column-gap-default\">\n\t\t\t\t\t<div class=\"elementor-column elementor-col-50 elementor-top-column elementor-element elementor-element-f0b7ab5\" data-id=\"f0b7ab5\" data-element_type=\"column\">\n\t\t\t<div class=\"elementor-widget-wrap elementor-element-populated\">\n\t\t\t\t\t\t\t\t<div class=\"elementor-element elementor-element-023ffe8 elementor-widget elementor-widget-text-editor\" data-id=\"023ffe8\" data-element_type=\"widget\" data-widget_type=\"text-editor.default\">\n\t\t\t\t<div class=\"elementor-widget-container\">\n\t\t\t\t\t\t\t<h3><strong>Quy tr\u00ecnh v\u1eadn chuy\u1ec3n t\u1ea1i LUCYCO<\/strong><\/h3><ol><li style=\"list-style-type: none;\"><ol><li><p><strong>Ti\u1ebfp nh\u1eadn y\u00eau c\u1ea7u<\/strong><br \/>Kh\u00e1ch h\u00e0ng li\u00ean h\u1ec7 qua <strong>Hotline: (+84) 0902063505<\/strong> ho\u1eb7c tr\u1ef1c ti\u1ebfp t\u1ea1i v\u0103n ph\u00f2ng \u0111\u1ec3 \u0111\u01b0\u1ee3c t\u01b0 v\u1ea5n chi ti\u1ebft.<\/p><\/li><li><p><strong>L\u00ean k\u1ebf ho\u1ea1ch v\u1eadn chuy\u1ec3n<\/strong><br \/>D\u1ef1a tr\u00ean lo\u1ea1i h\u00e0ng h\u00f3a, th\u1eddi gian y\u00eau c\u1ea7u, v\u00e0 ng\u00e2n s\u00e1ch c\u1ee7a kh\u00e1ch h\u00e0ng, LUCYCO s\u1ebd thi\u1ebft k\u1ebf gi\u1ea3i ph\u00e1p t\u1ed1i \u01b0u nh\u1ea5t.<\/p><\/li><li><p><strong>Th\u1ef1c hi\u1ec7n v\u1eadn chuy\u1ec3n<\/strong><br \/>H\u00e0ng h\u00f3a \u0111\u01b0\u1ee3c ki\u1ec3m tra, \u0111\u00f3ng g\u00f3i, v\u00e0 v\u1eadn chuy\u1ec3n \u0111\u1ebfn \u0111i\u1ec3m \u0111\u1ebfn v\u1edbi s\u1ef1 gi\u00e1m s\u00e1t ch\u1eb7t ch\u1ebd t\u1eeb \u0111\u1ed9i ng\u0169 chuy\u00ean m\u00f4n.<\/p><\/li><li><p><strong>B\u00e0n giao v\u00e0 h\u1ed7 tr\u1ee3 sau v\u1eadn chuy\u1ec3n<\/strong><br \/>Sau khi h\u00e0ng \u0111\u1ebfn n\u01a1i, ch\u00fang t\u00f4i s\u1ebd h\u1ed7 tr\u1ee3 kh\u00e1ch h\u00e0ng x\u1eed l\u00fd c\u00e1c gi\u1ea5y t\u1edd li\u00ean quan v\u00e0 \u0111\u1ea3m b\u1ea3o m\u1ecdi v\u1ea5n \u0111\u1ec1 ph\u00e1t sinh \u0111\u1ec1u \u0111\u01b0\u1ee3c gi\u1ea3i quy\u1ebft k\u1ecbp th\u1eddi.<\/p><\/li><\/ol><\/li><\/ol>\t\t\t\t\t\t<\/div>\n\t\t\t\t<\/div>\n\t\t\t\t\t<\/div>\n\t\t<\/div>\n\t\t\t\t<div class=\"elementor-column elementor-col-50 elementor-top-column elementor-element elementor-element-ee07e56\" data-id=\"ee07e56\" data-element_type=\"column\">\n\t\t\t<div class=\"elementor-widget-wrap elementor-element-populated\">\n\t\t\t\t\t\t\t\t<div class=\"elementor-element elementor-element-a95b030 elementor-widget elementor-widget-image\" data-id=\"a95b030\" data-element_type=\"widget\" data-widget_type=\"image.default\">\n\t\t\t\t<div class=\"elementor-widget-container\">\n\t\t\t\t\t\t\t\t\t\t\t\t\t\t\t<img loading=\"lazy\" decoding=\"async\" width=\"1024\" height=\"589\" src=\"https:\/\/lucycovn.com\/wp-content\/uploads\/2024\/11\/container-logisticcs-min-1024x589.jpg\" class=\"attachment-large size-large\" alt=\"\" srcset=\"https:\/\/lucycovn.com\/wp-content\/uploads\/2024\/11\/container-logisticcs-min-1024x589.jpg 1024w, https:\/\/lucycovn.com\/wp-content\/uploads\/2024\/11\/container-logisticcs-min-300x172.jpg 300w, https:\/\/lucycovn.com\/wp-content\/uploads\/2024\/11\/container-logisticcs-min-768x441.jpg 768w, https:\/\/lucycovn.com\/wp-content\/uploads\/2024\/11\/container-logisticcs-min.jpg 1423w\" sizes=\"(max-width: 1024px) 100vw, 1024px\" \/>\t\t\t\t\t\t\t\t\t\t\t\t\t\t\t<\/div>\n\t\t\t\t<\/div>\n\t\t\t\t\t<\/div>\n\t\t<\/div>\n\t\t\t\t\t\t\t<\/div>\n\t\t<\/section>\n\t\t\t\t<section class=\"elementor-section elementor-top-section elementor-element elementor-element-4e6de49 elementor-section-boxed elementor-section-height-default elementor-section-height-default\" data-id=\"4e6de49\" data-element_type=\"section\">\n\t\t\t\t\t\t<div class=\"elementor-container elementor-column-gap-default\">\n\t\t\t\t\t<div class=\"elementor-column elementor-col-100 elementor-top-column elementor-element elementor-element-74a0dbe\" data-id=\"74a0dbe\" data-element_type=\"column\">\n\t\t\t<div class=\"elementor-widget-wrap elementor-element-populated\">\n\t\t\t\t\t\t\t\t<div class=\"elementor-element elementor-element-7b75957 elementor-widget elementor-widget-heading\" data-id=\"7b75957\" data-element_type=\"widget\" data-widget_type=\"heading.default\">\n\t\t\t\t<div class=\"elementor-widget-container\">\n\t\t\t<h2 class=\"elementor-heading-title elementor-size-default\">Cam k\u1ebft c\u1ee7a LUCYCO<\/h2>\t\t<\/div>\n\t\t\t\t<\/div>\n\t\t\t\t<div class=\"elementor-element elementor-element-58668a0 elementor-icon-list--layout-traditional elementor-list-item-link-full_width elementor-widget elementor-widget-icon-list\" data-id=\"58668a0\" data-element_type=\"widget\" data-widget_type=\"icon-list.default\">\n\t\t\t\t<div class=\"elementor-widget-container\">\n\t\t\t\t\t<ul class=\"elementor-icon-list-items\">\n\t\t\t\t\t\t\t<li class=\"elementor-icon-list-item\">\n\t\t\t\t\t\t\t\t\t\t\t<span class=\"elementor-icon-list-icon\">\n\t\t\t\t\t\t\t<i aria-hidden=\"true\" class=\"fas fa-check\"><\/i>\t\t\t\t\t\t<\/span>\n\t\t\t\t\t\t\t\t\t\t<span class=\"elementor-icon-list-text\">An to\u00e0n tuy\u1ec7t \u0111\u1ed1i: H\u00e0ng h\u00f3a \u0111\u01b0\u1ee3c v\u1eadn chuy\u1ec3n v\u1edbi s\u1ef1 c\u1ea9n th\u1eadn t\u1ed1i \u0111a, tr\u00e1nh m\u1ecdi r\u1ee7i ro h\u01b0 h\u1ecfng ho\u1eb7c th\u1ea5t l\u1ea1c.<\/span>\n\t\t\t\t\t\t\t\t\t<\/li>\n\t\t\t\t\t\t\t\t<li class=\"elementor-icon-list-item\">\n\t\t\t\t\t\t\t\t\t\t\t<span class=\"elementor-icon-list-icon\">\n\t\t\t\t\t\t\t<i aria-hidden=\"true\" class=\"fas fa-check\"><\/i>\t\t\t\t\t\t<\/span>\n\t\t\t\t\t\t\t\t\t\t<span class=\"elementor-icon-list-text\">Th\u1eddi gian ch\u00ednh x\u00e1c: \u0110\u1ea3m b\u1ea3o giao h\u00e0ng \u0111\u00fang h\u1eb9n, \u0111\u00e1p \u1ee9ng nhu c\u1ea7u v\u1eadn chuy\u1ec3n kh\u1ea9n c\u1ea5p c\u1ee7a kh\u00e1ch h\u00e0ng.<\/span>\n\t\t\t\t\t\t\t\t\t<\/li>\n\t\t\t\t\t\t\t\t<li class=\"elementor-icon-list-item\">\n\t\t\t\t\t\t\t\t\t\t\t<span class=\"elementor-icon-list-icon\">\n\t\t\t\t\t\t\t<i aria-hidden=\"true\" class=\"fas fa-check\"><\/i>\t\t\t\t\t\t<\/span>\n\t\t\t\t\t\t\t\t\t\t<span class=\"elementor-icon-list-text\">D\u1ecbch v\u1ee5 t\u1eadn t\u00e2m: Lu\u00f4n s\u1eb5n s\u00e0ng h\u1ed7 tr\u1ee3 24\/7 qua Hotline: (+84) 0902063505 \u0111\u1ec3 gi\u1ea3i \u0111\u00e1p m\u1ecdi th\u1eafc m\u1eafc v\u00e0 y\u00eau c\u1ea7u.<\/span>\n\t\t\t\t\t\t\t\t\t<\/li>\n\t\t\t\t\t\t<\/ul>\n\t\t\t\t<\/div>\n\t\t\t\t<\/div>\n\t\t\t\t\t<\/div>\n\t\t<\/div>\n\t\t\t\t\t\t\t<\/div>\n\t\t<\/section>\n\t\t\t\t\t\t<\/div>\n\t\t\t\t\t<\/div>\n\t\t","protected":false},"excerpt":{"rendered":"<p>D\u1ecbch v\u1ee5 V\u1eadn chuy\u1ec3n \u0111\u01b0\u1eddng bi\u1ec3n C\u00f4ng ty TNHH Th\u01b0\u01a1ng m\u1ea1i v\u00e0 V\u1eadn chuy\u1ec3n LUCYCO t\u1ef1 h\u00e0o l\u00e0 m\u1ed9t trong nh\u1eefng \u0111\u01a1n v\u1ecb h\u00e0ng \u0111\u1ea7u t\u1ea1i H\u1ea3i Ph\u00f2ng cung c\u1ea5p d\u1ecbch v\u1ee5 v\u1eadn chuy\u1ec3n \u0111\u01b0\u1eddng bi\u1ec3n uy t\u00edn, chuy\u00ean nghi\u1ec7p v\u00e0 hi\u1ec7u qu\u1ea3. V\u1edbi \u0111\u1ecba ch\u1ec9 t\u1ecda l\u1ea1c t\u1ea1i Qu\u1eadn H\u1ea3i An, Th\u00e0nh ph\u1ed1 H\u1ea3i &hellip;<\/p>\n<p class=\"read-more\"> <a class=\"\" href=\"https:\/\/lucycovn.com\/index.php\/van-chuyen-duong-bien\/\"> <span class=\"screen-reader-text\">V\u1eadn chuy\u1ec3n \u0111\u01b0\u1eddng bi\u1ec3n<\/span> Read More &raquo;<\/a><\/p>\n","protected":false},"author":1,"featured_media":0,"parent":0,"menu_order":0,"comment_status":"closed","ping_status":"closed","template":"","meta":{"site-sidebar-layout":"no-sidebar","site-content-layout":"page-builder","ast-main-header-display":"","ast-hfb-above-header-display":"","ast-hfb-below-header-display":"","ast-hfb-mobile-header-display":"","site-post-title":"disabled","ast-breadcrumbs-content":"","ast-featured-img":"disabled","footer-sml-layout":"","theme-transparent-header-meta":"","adv-header-id-meta":"","stick-header-meta":"","header-above-stick-meta":"","header-main-stick-meta":"","header-below-stick-meta":"","footnotes":""},"class_list":["post-1628","page","type-page","status-publish","hentry"],"_links":{"self":[{"href":"https:\/\/lucycovn.com\/index.php\/wp-json\/wp\/v2\/pages\/1628"}],"collection":[{"href":"https:\/\/lucycovn.com\/index.php\/wp-json\/wp\/v2\/pages"}],"about":[{"href":"https:\/\/lucycovn.com\/index.php\/wp-json\/wp\/v2\/types\/page"}],"author":[{"embeddable":true,"href":"https:\/\/lucycovn.com\/index.php\/wp-json\/wp\/v2\/users\/1"}],"replies":[{"embeddable":true,"href":"https:\/\/lucycovn.com\/index.php\/wp-json\/wp\/v2\/comments?post=1628"}],"version-history":[{"count":19,"href":"https:\/\/lucycovn.com\/index.php\/wp-json\/wp\/v2\/pages\/1628\/revisions"}],"predecessor-version":[{"id":1964,"href":"https:\/\/lucycovn.com\/index.php\/wp-json\/wp\/v2\/pages\/1628\/revisions\/1964"}],"wp:attachment":[{"href":"https:\/\/lucycovn.com\/index.php\/wp-json\/wp\/v2\/media?parent=1628"}],"curies":[{"name":"wp","href":"https:\/\/api.w.org\/{rel}","templated":true}]}}