{"id":1645,"date":"2024-11-28T07:49:54","date_gmt":"2024-11-28T07:49:54","guid":{"rendered":"https:\/\/lucycovn.com\/?page_id=1645"},"modified":"2024-11-28T07:54:13","modified_gmt":"2024-11-28T07:54:13","slug":"van-chuyen-duong-hang-khong","status":"publish","type":"page","link":"https:\/\/lucycovn.com\/index.php\/van-chuyen-duong-hang-khong\/","title":{"rendered":"V\u1eadn chuy\u1ec3n \u0111\u01b0\u1eddng h\u00e0ng kh\u00f4ng"},"content":{"rendered":"\t\t<div data-elementor-type=\"wp-page\" data-elementor-id=\"1645\" class=\"elementor elementor-1645\" data-elementor-settings=\"[]\">\n\t\t\t\t\t\t\t<div class=\"elementor-section-wrap\">\n\t\t\t\t\t\t\t<section class=\"elementor-section elementor-top-section elementor-element elementor-element-1cfa93e elementor-section-boxed elementor-section-height-default elementor-section-height-default\" data-id=\"1cfa93e\" data-element_type=\"section\">\n\t\t\t\t\t\t<div class=\"elementor-container elementor-column-gap-default\">\n\t\t\t\t\t<div class=\"elementor-column elementor-col-100 elementor-top-column elementor-element elementor-element-ed498f4\" data-id=\"ed498f4\" data-element_type=\"column\">\n\t\t\t<div class=\"elementor-widget-wrap elementor-element-populated\">\n\t\t\t\t\t\t\t\t<div class=\"elementor-element elementor-element-c3c6829 elementor-widget elementor-widget-heading\" data-id=\"c3c6829\" data-element_type=\"widget\" data-widget_type=\"heading.default\">\n\t\t\t\t<div class=\"elementor-widget-container\">\n\t\t\t<h2 class=\"elementor-heading-title elementor-size-default\">D\u1ecbch v\u1ee5 V\u1eadn chuy\u1ec3n \u0111\u01b0\u1eddng h\u00e0ng kh\u00f4ng<\/h2>\t\t<\/div>\n\t\t\t\t<\/div>\n\t\t\t\t\t<\/div>\n\t\t<\/div>\n\t\t\t\t\t\t\t<\/div>\n\t\t<\/section>\n\t\t\t\t<section class=\"elementor-section elementor-top-section elementor-element elementor-element-376db19 elementor-section-boxed elementor-section-height-default elementor-section-height-default\" data-id=\"376db19\" data-element_type=\"section\">\n\t\t\t\t\t\t<div class=\"elementor-container elementor-column-gap-default\">\n\t\t\t\t\t<div class=\"elementor-column elementor-col-50 elementor-top-column elementor-element elementor-element-bd2fc05\" data-id=\"bd2fc05\" data-element_type=\"column\">\n\t\t\t<div class=\"elementor-widget-wrap elementor-element-populated\">\n\t\t\t\t\t\t\t\t<div class=\"elementor-element elementor-element-3a64bdd elementor-widget elementor-widget-image\" data-id=\"3a64bdd\" data-element_type=\"widget\" data-widget_type=\"image.default\">\n\t\t\t\t<div class=\"elementor-widget-container\">\n\t\t\t\t\t\t\t\t\t\t\t\t\t\t\t<img loading=\"lazy\" decoding=\"async\" width=\"1024\" height=\"683\" src=\"https:\/\/lucycovn.com\/wp-content\/uploads\/2024\/11\/warehouse-distribution-warehouse-wholesale-business-generative-ai-1--1024x683.jpg\" class=\"attachment-large size-large\" alt=\"\" srcset=\"https:\/\/lucycovn.com\/wp-content\/uploads\/2024\/11\/warehouse-distribution-warehouse-wholesale-business-generative-ai-1--1024x683.jpg 1024w, https:\/\/lucycovn.com\/wp-content\/uploads\/2024\/11\/warehouse-distribution-warehouse-wholesale-business-generative-ai-1--300x200.jpg 300w, https:\/\/lucycovn.com\/wp-content\/uploads\/2024\/11\/warehouse-distribution-warehouse-wholesale-business-generative-ai-1--768x512.jpg 768w, https:\/\/lucycovn.com\/wp-content\/uploads\/2024\/11\/warehouse-distribution-warehouse-wholesale-business-generative-ai-1-.jpg 1200w\" sizes=\"(max-width: 1024px) 100vw, 1024px\" \/>\t\t\t\t\t\t\t\t\t\t\t\t\t\t\t<\/div>\n\t\t\t\t<\/div>\n\t\t\t\t\t<\/div>\n\t\t<\/div>\n\t\t\t\t<div class=\"elementor-column elementor-col-50 elementor-top-column elementor-element elementor-element-f4f97b9\" data-id=\"f4f97b9\" data-element_type=\"column\">\n\t\t\t<div class=\"elementor-widget-wrap elementor-element-populated\">\n\t\t\t\t\t\t\t\t<div class=\"elementor-element elementor-element-1bdcab9 elementor-widget elementor-widget-text-editor\" data-id=\"1bdcab9\" data-element_type=\"widget\" data-widget_type=\"text-editor.default\">\n\t\t\t\t<div class=\"elementor-widget-container\">\n\t\t\t\t\t\t\t<h3><strong>\u01afu \u0111i\u1ec3m v\u01b0\u1ee3t tr\u1ed9i c\u1ee7a d\u1ecbch v\u1ee5 v\u1eadn chuy\u1ec3n \u0111\u01b0\u1eddng h\u00e0ng kh\u00f4ng t\u1ea1i LUCYCO<\/strong><\/h3><ol><li><p><strong>T\u1ed1c \u0111\u1ed9 v\u1eadn chuy\u1ec3n nhanh ch\u00f3ng<\/strong><br \/>V\u1eadn chuy\u1ec3n \u0111\u01b0\u1eddng h\u00e0ng kh\u00f4ng l\u00e0 l\u1ef1a ch\u1ecdn t\u1ed1i \u01b0u cho c\u00e1c lo\u1ea1i h\u00e0ng h\u00f3a c\u1ea7n giao nh\u1eadn g\u1ea5p. LUCYCO \u0111\u1ea3m b\u1ea3o r\u00fat ng\u1eafn t\u1ed1i \u0111a th\u1eddi gian giao h\u00e0ng, \u0111\u00e1p \u1ee9ng y\u00eau c\u1ea7u kh\u1eaft khe c\u1ee7a kh\u00e1ch h\u00e0ng.<\/p><\/li><li><p><strong>M\u1ea1ng l\u01b0\u1edbi v\u1eadn chuy\u1ec3n to\u00e0n c\u1ea7u<\/strong><br \/>Ch\u00fang t\u00f4i h\u1ee3p t\u00e1c v\u1edbi c\u00e1c h\u00e3ng h\u00e0ng kh\u00f4ng l\u1edbn v\u00e0 uy t\u00edn, \u0111\u1ea3m b\u1ea3o k\u1ebft n\u1ed1i v\u1eadn chuy\u1ec3n t\u1eeb Vi\u1ec7t Nam \u0111\u1ebfn m\u1ecdi \u0111\u1ecba \u0111i\u1ec3m tr\u00ean th\u1ebf gi\u1edbi.<\/p><\/li><li><p><strong>An to\u00e0n tuy\u1ec7t \u0111\u1ed1i<\/strong><br \/>H\u00e0ng h\u00f3a \u0111\u01b0\u1ee3c b\u1ea3o qu\u1ea3n k\u1ef9 l\u01b0\u1ee1ng v\u00e0 x\u1eed l\u00fd chuy\u00ean nghi\u1ec7p trong su\u1ed1t h\u00e0nh tr\u00ecnh v\u1eadn chuy\u1ec3n, t\u1eeb kho h\u00e0ng cho \u0111\u1ebfn khi giao \u0111\u1ebfn tay ng\u01b0\u1eddi nh\u1eadn.<\/p><\/li><li><p><strong>D\u1ecbch v\u1ee5 \u0111a d\u1ea1ng<\/strong><br \/>LUCYCO cung c\u1ea5p c\u00e1c g\u00f3i d\u1ecbch v\u1ee5 ph\u00f9 h\u1ee3p v\u1edbi t\u1eebng nhu c\u1ea7u:<\/p><ul><li>H\u00e0ng h\u00f3a th\u00f4ng th\u01b0\u1eddng<\/li><li>H\u00e0ng gi\u00e1 tr\u1ecb cao<\/li><li>H\u00e0ng h\u00f3a nh\u1ea1y c\u1ea3m, d\u1ec5 h\u1ecfng (\u0111\u00f4ng l\u1ea1nh, y t\u1ebf, d\u01b0\u1ee3c ph\u1ea9m)<\/li><li>H\u00e0ng nguy hi\u1ec3m c\u1ea7n x\u1eed l\u00fd \u0111\u1eb7c bi\u1ec7t<\/li><\/ul><\/li><li><p><strong>Gi\u00e1 c\u1ea3 c\u1ea1nh tranh<\/strong><br \/>LUCYCO mang \u0111\u1ebfn m\u1ee9c chi ph\u00ed h\u1ee3p l\u00fd c\u00f9ng ch\u00ednh s\u00e1ch minh b\u1ea1ch, gi\u00fap kh\u00e1ch h\u00e0ng t\u1ed1i \u01b0u h\u00f3a ng\u00e2n s\u00e1ch v\u1eadn chuy\u1ec3n.<\/p><\/li><\/ol>\t\t\t\t\t\t<\/div>\n\t\t\t\t<\/div>\n\t\t\t\t\t<\/div>\n\t\t<\/div>\n\t\t\t\t\t\t\t<\/div>\n\t\t<\/section>\n\t\t\t\t<section class=\"elementor-section elementor-top-section elementor-element elementor-element-08a6b36 elementor-section-boxed elementor-section-height-default elementor-section-height-default\" data-id=\"08a6b36\" data-element_type=\"section\">\n\t\t\t\t\t\t<div class=\"elementor-container elementor-column-gap-default\">\n\t\t\t\t\t<div class=\"elementor-column elementor-col-50 elementor-top-column elementor-element elementor-element-90ac37b\" data-id=\"90ac37b\" data-element_type=\"column\">\n\t\t\t<div class=\"elementor-widget-wrap elementor-element-populated\">\n\t\t\t\t\t\t\t\t<div class=\"elementor-element elementor-element-3201757 elementor-widget elementor-widget-text-editor\" data-id=\"3201757\" data-element_type=\"widget\" data-widget_type=\"text-editor.default\">\n\t\t\t\t<div class=\"elementor-widget-container\">\n\t\t\t\t\t\t\t<h3><strong>Quy tr\u00ecnh v\u1eadn chuy\u1ec3n \u0111\u01b0\u1eddng h\u00e0ng kh\u00f4ng t\u1ea1i LUCYCO<\/strong><\/h3><ol><li><p><strong>Ti\u1ebfp nh\u1eadn y\u00eau c\u1ea7u<\/strong><br \/>Kh\u00e1ch h\u00e0ng c\u00f3 th\u1ec3 li\u00ean h\u1ec7 tr\u1ef1c ti\u1ebfp qua <strong>Hotline: (+84) 0902063505<\/strong> \u0111\u1ec3 \u0111\u01b0\u1ee3c t\u01b0 v\u1ea5n chi ti\u1ebft v\u1ec1 gi\u1ea3i ph\u00e1p ph\u00f9 h\u1ee3p.<\/p><\/li><li><p><strong>B\u00e1o gi\u00e1 v\u00e0 k\u00fd k\u1ebft h\u1ee3p \u0111\u1ed3ng<\/strong><br \/>D\u1ef1a tr\u00ean lo\u1ea1i h\u00e0ng h\u00f3a, kh\u1ed1i l\u01b0\u1ee3ng, v\u00e0 tuy\u1ebfn \u0111\u01b0\u1eddng v\u1eadn chuy\u1ec3n, LUCYCO s\u1ebd cung c\u1ea5p b\u1ea3ng gi\u00e1 chi ti\u1ebft v\u00e0 r\u00f5 r\u00e0ng.<\/p><\/li><li><p><strong>X\u1eed l\u00fd h\u00e0ng h\u00f3a<\/strong><br \/>H\u00e0ng h\u00f3a \u0111\u01b0\u1ee3c \u0111\u00f3ng g\u00f3i v\u00e0 ki\u1ec3m tra theo ti\u00eau chu\u1ea9n h\u00e0ng kh\u00f4ng qu\u1ed1c t\u1ebf, \u0111\u1ea3m b\u1ea3o an to\u00e0n tuy\u1ec7t \u0111\u1ed1i trong su\u1ed1t h\u00e0nh tr\u00ecnh.<\/p><\/li><li><p><strong>V\u1eadn chuy\u1ec3n v\u00e0 theo d\u00f5i<\/strong><br \/>LUCYCO h\u1ed7 tr\u1ee3 kh\u00e1ch h\u00e0ng theo d\u00f5i l\u1ed9 tr\u00ecnh h\u00e0ng h\u00f3a tr\u1ef1c tuy\u1ebfn, c\u1eadp nh\u1eadt t\u00ecnh tr\u1ea1ng v\u1eadn chuy\u1ec3n theo th\u1eddi gian th\u1ef1c.<\/p><\/li><li><p><strong>B\u00e0n giao v\u00e0 h\u1ed7 tr\u1ee3 sau d\u1ecbch v\u1ee5<\/strong><br \/>Khi h\u00e0ng h\u00f3a \u0111\u1ebfn n\u01a1i, ch\u00fang t\u00f4i h\u1ed7 tr\u1ee3 giao nh\u1eadn nhanh ch\u00f3ng v\u00e0 \u0111\u1ea3m b\u1ea3o m\u1ecdi y\u00eau c\u1ea7u ph\u00e1t sinh \u0111\u01b0\u1ee3c x\u1eed l\u00fd k\u1ecbp th\u1eddi.<\/p><\/li><\/ol>\t\t\t\t\t\t<\/div>\n\t\t\t\t<\/div>\n\t\t\t\t\t<\/div>\n\t\t<\/div>\n\t\t\t\t<div class=\"elementor-column elementor-col-50 elementor-top-column elementor-element elementor-element-a7a05e3\" data-id=\"a7a05e3\" data-element_type=\"column\">\n\t\t\t<div class=\"elementor-widget-wrap elementor-element-populated\">\n\t\t\t\t\t\t\t\t<div class=\"elementor-element elementor-element-2ab6656 elementor-widget elementor-widget-image\" data-id=\"2ab6656\" data-element_type=\"widget\" data-widget_type=\"image.default\">\n\t\t\t\t<div class=\"elementor-widget-container\">\n\t\t\t\t\t\t\t\t\t\t\t\t\t\t\t<img loading=\"lazy\" decoding=\"async\" width=\"680\" height=\"453\" src=\"https:\/\/lucycovn.com\/wp-content\/uploads\/2024\/11\/logistics_hang_khong.jpg\" class=\"attachment-large size-large\" alt=\"\" srcset=\"https:\/\/lucycovn.com\/wp-content\/uploads\/2024\/11\/logistics_hang_khong.jpg 680w, https:\/\/lucycovn.com\/wp-content\/uploads\/2024\/11\/logistics_hang_khong-300x200.jpg 300w\" sizes=\"(max-width: 680px) 100vw, 680px\" \/>\t\t\t\t\t\t\t\t\t\t\t\t\t\t\t<\/div>\n\t\t\t\t<\/div>\n\t\t\t\t\t<\/div>\n\t\t<\/div>\n\t\t\t\t\t\t\t<\/div>\n\t\t<\/section>\n\t\t\t\t<section class=\"elementor-section elementor-top-section elementor-element elementor-element-8675e99 elementor-section-boxed elementor-section-height-default elementor-section-height-default\" data-id=\"8675e99\" data-element_type=\"section\">\n\t\t\t\t\t\t<div class=\"elementor-container elementor-column-gap-default\">\n\t\t\t\t\t<div class=\"elementor-column elementor-col-50 elementor-top-column elementor-element elementor-element-a6fe424\" data-id=\"a6fe424\" data-element_type=\"column\">\n\t\t\t<div class=\"elementor-widget-wrap elementor-element-populated\">\n\t\t\t\t\t\t\t\t<div class=\"elementor-element elementor-element-24c7fa8 elementor-widget elementor-widget-image\" data-id=\"24c7fa8\" data-element_type=\"widget\" data-widget_type=\"image.default\">\n\t\t\t\t<div class=\"elementor-widget-container\">\n\t\t\t\t\t\t\t\t\t\t\t\t\t\t\t<img loading=\"lazy\" decoding=\"async\" width=\"720\" height=\"412\" src=\"https:\/\/lucycovn.com\/wp-content\/uploads\/2024\/11\/van-chuyen-hang-hoa-bang-duong-hang-khong-2.jpg\" class=\"attachment-large size-large\" alt=\"\" srcset=\"https:\/\/lucycovn.com\/wp-content\/uploads\/2024\/11\/van-chuyen-hang-hoa-bang-duong-hang-khong-2.jpg 720w, https:\/\/lucycovn.com\/wp-content\/uploads\/2024\/11\/van-chuyen-hang-hoa-bang-duong-hang-khong-2-300x172.jpg 300w\" sizes=\"(max-width: 720px) 100vw, 720px\" \/>\t\t\t\t\t\t\t\t\t\t\t\t\t\t\t<\/div>\n\t\t\t\t<\/div>\n\t\t\t\t\t<\/div>\n\t\t<\/div>\n\t\t\t\t<div class=\"elementor-column elementor-col-50 elementor-top-column elementor-element elementor-element-6f2d658\" data-id=\"6f2d658\" data-element_type=\"column\">\n\t\t\t<div class=\"elementor-widget-wrap elementor-element-populated\">\n\t\t\t\t\t\t\t\t<div class=\"elementor-element elementor-element-0c14de5 elementor-widget elementor-widget-text-editor\" data-id=\"0c14de5\" data-element_type=\"widget\" data-widget_type=\"text-editor.default\">\n\t\t\t\t<div class=\"elementor-widget-container\">\n\t\t\t\t\t\t\t<h3><strong>Li\u00ean h\u1ec7 ngay \u0111\u1ec3 nh\u1eadn t\u01b0 v\u1ea5n mi\u1ec5n ph\u00ed!<\/strong><\/h3><p>N\u1ebfu b\u1ea1n \u0111ang t\u00ecm ki\u1ebfm d\u1ecbch v\u1ee5 v\u1eadn chuy\u1ec3n \u0111\u01b0\u1eddng h\u00e0ng kh\u00f4ng nhanh ch\u00f3ng, \u0111\u00e1ng tin c\u1eady, h\u00e3y \u0111\u1ebfn v\u1edbi <strong>C\u00f4ng ty TNHH Th\u01b0\u01a1ng m\u1ea1i v\u00e0 V\u1eadn chuy\u1ec3n LUCYCO<\/strong>. V\u1edbi kinh nghi\u1ec7m v\u00e0 s\u1ef1 t\u1eadn t\u00e2m, ch\u00fang t\u00f4i s\u1eb5n s\u00e0ng \u0111\u1ed3ng h\u00e0nh c\u00f9ng b\u1ea1n tr\u00ean m\u1ecdi h\u00e0nh tr\u00ecnh.<\/p><p><strong>\u0110\u1ecba ch\u1ec9:<\/strong> S\u1ed1 7\/7A\/273 \u0110\u01b0\u1eddng \u0110\u1eb1ng H\u1ea3i, Ph\u01b0\u1eddng \u0110\u1eb1ng H\u1ea3i, Qu\u1eadn H\u1ea3i An, Th\u00e0nh ph\u1ed1 H\u1ea3i Ph\u00f2ng, Vi\u1ec7t Nam<br \/><strong>Hotline:<\/strong> (+84) 0902063505<\/p>\t\t\t\t\t\t<\/div>\n\t\t\t\t<\/div>\n\t\t\t\t\t<\/div>\n\t\t<\/div>\n\t\t\t\t\t\t\t<\/div>\n\t\t<\/section>\n\t\t\t\t\t\t<\/div>\n\t\t\t\t\t<\/div>\n\t\t","protected":false},"excerpt":{"rendered":"<p>D\u1ecbch v\u1ee5 V\u1eadn chuy\u1ec3n \u0111\u01b0\u1eddng h\u00e0ng kh\u00f4ng \u01afu \u0111i\u1ec3m v\u01b0\u1ee3t tr\u1ed9i c\u1ee7a d\u1ecbch v\u1ee5 v\u1eadn chuy\u1ec3n \u0111\u01b0\u1eddng h\u00e0ng kh\u00f4ng t\u1ea1i LUCYCO T\u1ed1c \u0111\u1ed9 v\u1eadn chuy\u1ec3n nhanh ch\u00f3ngV\u1eadn chuy\u1ec3n \u0111\u01b0\u1eddng h\u00e0ng kh\u00f4ng l\u00e0 l\u1ef1a ch\u1ecdn t\u1ed1i \u01b0u cho c\u00e1c lo\u1ea1i h\u00e0ng h\u00f3a c\u1ea7n giao nh\u1eadn g\u1ea5p. LUCYCO \u0111\u1ea3m b\u1ea3o r\u00fat ng\u1eafn t\u1ed1i \u0111a th\u1eddi gian giao &hellip;<\/p>\n<p class=\"read-more\"> <a class=\"\" href=\"https:\/\/lucycovn.com\/index.php\/van-chuyen-duong-hang-khong\/\"> <span class=\"screen-reader-text\">V\u1eadn chuy\u1ec3n \u0111\u01b0\u1eddng h\u00e0ng kh\u00f4ng<\/span> Read More &raquo;<\/a><\/p>\n","protected":false},"author":1,"featured_media":0,"parent":0,"menu_order":0,"comment_status":"closed","ping_status":"closed","template":"","meta":{"site-sidebar-layout":"no-sidebar","site-content-layout":"page-builder","ast-main-header-display":"","ast-hfb-above-header-display":"","ast-hfb-below-header-display":"","ast-hfb-mobile-header-display":"","site-post-title":"disabled","ast-breadcrumbs-content":"","ast-featured-img":"disabled","footer-sml-layout":"","theme-transparent-header-meta":"","adv-header-id-meta":"","stick-header-meta":"","header-above-stick-meta":"","header-main-stick-meta":"","header-below-stick-meta":"","footnotes":""},"class_list":["post-1645","page","type-page","status-publish","hentry"],"_links":{"self":[{"href":"https:\/\/lucycovn.com\/index.php\/wp-json\/wp\/v2\/pages\/1645"}],"collection":[{"href":"https:\/\/lucycovn.com\/index.php\/wp-json\/wp\/v2\/pages"}],"about":[{"href":"https:\/\/lucycovn.com\/index.php\/wp-json\/wp\/v2\/types\/page"}],"author":[{"embeddable":true,"href":"https:\/\/lucycovn.com\/index.php\/wp-json\/wp\/v2\/users\/1"}],"replies":[{"embeddable":true,"href":"https:\/\/lucycovn.com\/index.php\/wp-json\/wp\/v2\/comments?post=1645"}],"version-history":[{"count":7,"href":"https:\/\/lucycovn.com\/index.php\/wp-json\/wp\/v2\/pages\/1645\/revisions"}],"predecessor-version":[{"id":1656,"href":"https:\/\/lucycovn.com\/index.php\/wp-json\/wp\/v2\/pages\/1645\/revisions\/1656"}],"wp:attachment":[{"href":"https:\/\/lucycovn.com\/index.php\/wp-json\/wp\/v2\/media?parent=1645"}],"curies":[{"name":"wp","href":"https:\/\/api.w.org\/{rel}","templated":true}]}}