{"id":1657,"date":"2024-11-28T07:54:39","date_gmt":"2024-11-28T07:54:39","guid":{"rendered":"https:\/\/lucycovn.com\/?page_id=1657"},"modified":"2024-11-28T08:11:48","modified_gmt":"2024-11-28T08:11:48","slug":"van-chuyen-duong-bo","status":"publish","type":"page","link":"https:\/\/lucycovn.com\/index.php\/van-chuyen-duong-bo\/","title":{"rendered":"V\u1eadn chuy\u1ec3n \u0111\u01b0\u1eddng b\u1ed9"},"content":{"rendered":"\t\t<div data-elementor-type=\"wp-page\" data-elementor-id=\"1657\" class=\"elementor elementor-1657\" data-elementor-settings=\"[]\">\n\t\t\t\t\t\t\t<div class=\"elementor-section-wrap\">\n\t\t\t\t\t\t\t<section class=\"elementor-section elementor-top-section elementor-element elementor-element-8009044 elementor-section-boxed elementor-section-height-default elementor-section-height-default\" data-id=\"8009044\" data-element_type=\"section\">\n\t\t\t\t\t\t<div class=\"elementor-container elementor-column-gap-default\">\n\t\t\t\t\t<div class=\"elementor-column elementor-col-100 elementor-top-column elementor-element elementor-element-e380b06\" data-id=\"e380b06\" data-element_type=\"column\">\n\t\t\t<div class=\"elementor-widget-wrap elementor-element-populated\">\n\t\t\t\t\t\t\t\t<div class=\"elementor-element elementor-element-6c8d727 elementor-widget elementor-widget-heading\" data-id=\"6c8d727\" data-element_type=\"widget\" data-widget_type=\"heading.default\">\n\t\t\t\t<div class=\"elementor-widget-container\">\n\t\t\t<h2 class=\"elementor-heading-title elementor-size-default\">V\u1eadn chuy\u1ec3n \u0111\u01b0\u1eddng b\u1ed9<\/h2>\t\t<\/div>\n\t\t\t\t<\/div>\n\t\t\t\t\t<\/div>\n\t\t<\/div>\n\t\t\t\t\t\t\t<\/div>\n\t\t<\/section>\n\t\t\t\t<section class=\"elementor-section elementor-top-section elementor-element elementor-element-535bb4d elementor-section-boxed elementor-section-height-default elementor-section-height-default\" data-id=\"535bb4d\" data-element_type=\"section\">\n\t\t\t\t\t\t<div class=\"elementor-container elementor-column-gap-default\">\n\t\t\t\t\t<div class=\"elementor-column elementor-col-100 elementor-top-column elementor-element elementor-element-596d588\" data-id=\"596d588\" data-element_type=\"column\">\n\t\t\t<div class=\"elementor-widget-wrap elementor-element-populated\">\n\t\t\t\t\t\t\t\t<div class=\"elementor-element elementor-element-14a9711 elementor-widget elementor-widget-heading\" data-id=\"14a9711\" data-element_type=\"widget\" data-widget_type=\"heading.default\">\n\t\t\t\t<div class=\"elementor-widget-container\">\n\t\t\t<h5 class=\"elementor-heading-title elementor-size-default\">C\u00f4ng ty TNHH Th\u01b0\u01a1ng m\u1ea1i v\u00e0 V\u1eadn chuy\u1ec3n LUCYCO, v\u1edbi tr\u1ee5 s\u1edf t\u1ea1i S\u1ed1 7\/7A\/273 \u0110\u01b0\u1eddng \u0110\u1eb1ng H\u1ea3i, Ph\u01b0\u1eddng \u0110\u1eb1ng H\u1ea3i, Qu\u1eadn H\u1ea3i An, Th\u00e0nh ph\u1ed1 H\u1ea3i Ph\u00f2ng, t\u1ef1 h\u00e0o cung c\u1ea5p d\u1ecbch v\u1ee5 v\u1eadn chuy\u1ec3n \u0111\u01b0\u1eddng b\u1ed9 chuy\u00ean nghi\u1ec7p, nhanh ch\u00f3ng v\u00e0 hi\u1ec7u qu\u1ea3. V\u1edbi l\u1ee3i th\u1ebf l\u00e0 trung t\u00e2m giao th\u00f4ng v\u00e0 logistics quan tr\u1ecdng, H\u1ea3i Ph\u00f2ng l\u00e0 \u0111\u1ecba \u0111i\u1ec3m l\u00fd t\u01b0\u1edfng \u0111\u1ec3 LUCYCO k\u1ebft n\u1ed1i v\u00e0 ph\u1ee5c v\u1ee5 nhu c\u1ea7u v\u1eadn t\u1ea3i c\u1ee7a kh\u00e1ch h\u00e0ng tr\u00ean to\u00e0n qu\u1ed1c.<\/h5>\t\t<\/div>\n\t\t\t\t<\/div>\n\t\t\t\t\t<\/div>\n\t\t<\/div>\n\t\t\t\t\t\t\t<\/div>\n\t\t<\/section>\n\t\t\t\t<section class=\"elementor-section elementor-top-section elementor-element elementor-element-a68f287 elementor-section-boxed elementor-section-height-default elementor-section-height-default\" data-id=\"a68f287\" data-element_type=\"section\">\n\t\t\t\t\t\t<div class=\"elementor-container elementor-column-gap-default\">\n\t\t\t\t\t<div class=\"elementor-column elementor-col-50 elementor-top-column elementor-element elementor-element-b72b108\" data-id=\"b72b108\" data-element_type=\"column\">\n\t\t\t<div class=\"elementor-widget-wrap elementor-element-populated\">\n\t\t\t\t\t\t\t\t<div class=\"elementor-element elementor-element-16fda68 elementor-widget elementor-widget-text-editor\" data-id=\"16fda68\" data-element_type=\"widget\" data-widget_type=\"text-editor.default\">\n\t\t\t\t<div class=\"elementor-widget-container\">\n\t\t\t\t\t\t\t<h3><strong>\u0110i\u1ec3m m\u1ea1nh c\u1ee7a d\u1ecbch v\u1ee5 v\u1eadn chuy\u1ec3n \u0111\u01b0\u1eddng b\u1ed9 LUCYCO<\/strong><\/h3><ol><li><p><strong>M\u1ea1ng l\u01b0\u1edbi ph\u1ee7 r\u1ed9ng kh\u1eafp<\/strong><br \/>V\u1edbi h\u1ec7 th\u1ed1ng ph\u01b0\u01a1ng ti\u1ec7n v\u1eadn t\u1ea3i \u0111a d\u1ea1ng, hi\u1ec7n \u0111\u1ea1i, LUCYCO cung c\u1ea5p d\u1ecbch v\u1ee5 v\u1eadn chuy\u1ec3n \u0111\u01b0\u1eddng b\u1ed9 t\u1edbi m\u1ecdi t\u1ec9nh th\u00e0nh, t\u1eeb B\u1eafc v\u00e0o Nam, \u0111\u1ea3m b\u1ea3o k\u1ebft n\u1ed1i nhanh ch\u00f3ng v\u00e0 li\u00ean t\u1ee5c.<\/p><\/li><li><p><strong>\u0110\u1ed9i ng\u0169 t\u00e0i x\u1ebf v\u00e0 nh\u00e2n vi\u00ean chuy\u00ean nghi\u1ec7p<\/strong><br \/>T\u00e0i x\u1ebf c\u1ee7a LUCYCO c\u00f3 kinh nghi\u1ec7m v\u00e0 \u0111\u01b0\u1ee3c \u0111\u00e0o t\u1ea1o b\u00e0i b\u1ea3n, gi\u00fap x\u1eed l\u00fd h\u00e0ng h\u00f3a an to\u00e0n v\u00e0 v\u1eadn h\u00e0nh xe hi\u1ec7u qu\u1ea3 tr\u00ean m\u1ecdi cung \u0111\u01b0\u1eddng.<\/p><\/li><\/ol>\t\t\t\t\t\t<\/div>\n\t\t\t\t<\/div>\n\t\t\t\t\t<\/div>\n\t\t<\/div>\n\t\t\t\t<div class=\"elementor-column elementor-col-50 elementor-top-column elementor-element elementor-element-de9dcb0\" data-id=\"de9dcb0\" data-element_type=\"column\">\n\t\t\t<div class=\"elementor-widget-wrap elementor-element-populated\">\n\t\t\t\t\t\t\t\t<div class=\"elementor-element elementor-element-bc69769 elementor-widget elementor-widget-image\" data-id=\"bc69769\" data-element_type=\"widget\" data-widget_type=\"image.default\">\n\t\t\t\t<div class=\"elementor-widget-container\">\n\t\t\t\t\t\t\t\t\t\t\t\t\t\t\t<img loading=\"lazy\" decoding=\"async\" width=\"600\" height=\"375\" src=\"https:\/\/lucycovn.com\/wp-content\/uploads\/2024\/11\/van-chuyen-hang-hoa-tu-sai-gon-di-campuchia-0-1539337348.jpg\" class=\"attachment-large size-large\" alt=\"\" srcset=\"https:\/\/lucycovn.com\/wp-content\/uploads\/2024\/11\/van-chuyen-hang-hoa-tu-sai-gon-di-campuchia-0-1539337348.jpg 600w, https:\/\/lucycovn.com\/wp-content\/uploads\/2024\/11\/van-chuyen-hang-hoa-tu-sai-gon-di-campuchia-0-1539337348-300x188.jpg 300w\" sizes=\"(max-width: 600px) 100vw, 600px\" \/>\t\t\t\t\t\t\t\t\t\t\t\t\t\t\t<\/div>\n\t\t\t\t<\/div>\n\t\t\t\t\t<\/div>\n\t\t<\/div>\n\t\t\t\t\t\t\t<\/div>\n\t\t<\/section>\n\t\t\t\t<section class=\"elementor-section elementor-top-section elementor-element elementor-element-b2b8fed elementor-section-boxed elementor-section-height-default elementor-section-height-default\" data-id=\"b2b8fed\" data-element_type=\"section\">\n\t\t\t\t\t\t<div class=\"elementor-container elementor-column-gap-default\">\n\t\t\t\t\t<div class=\"elementor-column elementor-col-50 elementor-top-column elementor-element elementor-element-56a60a7\" data-id=\"56a60a7\" data-element_type=\"column\">\n\t\t\t<div class=\"elementor-widget-wrap elementor-element-populated\">\n\t\t\t\t\t\t\t\t<div class=\"elementor-element elementor-element-90b00ee elementor-widget elementor-widget-text-editor\" data-id=\"90b00ee\" data-element_type=\"widget\" data-widget_type=\"text-editor.default\">\n\t\t\t\t<div class=\"elementor-widget-container\">\n\t\t\t\t\t\t\t<ol><li><p><strong>Ph\u01b0\u01a1ng ti\u1ec7n v\u1eadn t\u1ea3i hi\u1ec7n \u0111\u1ea1i, \u0111a d\u1ea1ng<\/strong><\/p><ul><li>Xe t\u1ea3i nh\u1eb9, trung b\u00ecnh, v\u00e0 h\u1ea1ng n\u1eb7ng.<\/li><li>Xe container ph\u00f9 h\u1ee3p v\u1edbi c\u00e1c lo\u1ea1i h\u00e0ng h\u00f3a l\u1edbn v\u00e0 c\u1ea7n v\u1eadn chuy\u1ec3n li\u00ean k\u1ebft v\u1edbi \u0111\u01b0\u1eddng bi\u1ec3n.<\/li><li>Xe chuy\u00ean d\u1ee5ng cho h\u00e0ng h\u00f3a \u0111\u1eb7c th\u00f9 nh\u01b0 \u0111\u00f4ng l\u1ea1nh, d\u1ec5 v\u1ee1, ho\u1eb7c h\u00e0ng nguy hi\u1ec3m.<\/li><\/ul><\/li><li><p><strong>Th\u1eddi gian linh ho\u1ea1t, giao nh\u1eadn t\u1eadn n\u01a1i<\/strong><br \/>LUCYCO s\u1eafp x\u1ebfp l\u1ecbch tr\u00ecnh v\u1eadn chuy\u1ec3n ph\u00f9 h\u1ee3p v\u1edbi nhu c\u1ea7u c\u1ee7a kh\u00e1ch h\u00e0ng, cung c\u1ea5p d\u1ecbch v\u1ee5 giao nh\u1eadn t\u1eadn n\u01a1i, ti\u1ebft ki\u1ec7m th\u1eddi gian v\u00e0 c\u00f4ng s\u1ee9c.<\/p><\/li><li><p><strong>Gi\u00e1 c\u1ea3 c\u1ea1nh tranh, minh b\u1ea1ch<\/strong><br \/>LUCYCO lu\u00f4n \u0111\u1ea3m b\u1ea3o chi ph\u00ed v\u1eadn chuy\u1ec3n h\u1ee3p l\u00fd v\u00e0 cam k\u1ebft kh\u00f4ng ph\u00e1t sinh chi ph\u00ed kh\u00f4ng r\u00f5 r\u00e0ng.<\/p><\/li><\/ol>\t\t\t\t\t\t<\/div>\n\t\t\t\t<\/div>\n\t\t\t\t\t<\/div>\n\t\t<\/div>\n\t\t\t\t<div class=\"elementor-column elementor-col-50 elementor-top-column elementor-element elementor-element-6b28f15\" data-id=\"6b28f15\" data-element_type=\"column\">\n\t\t\t<div class=\"elementor-widget-wrap elementor-element-populated\">\n\t\t\t\t\t\t\t\t<div class=\"elementor-element elementor-element-33779b9 elementor-widget elementor-widget-image\" data-id=\"33779b9\" data-element_type=\"widget\" data-widget_type=\"image.default\">\n\t\t\t\t<div class=\"elementor-widget-container\">\n\t\t\t\t\t\t\t\t\t\t\t\t\t\t\t<img loading=\"lazy\" decoding=\"async\" width=\"700\" height=\"368\" src=\"https:\/\/lucycovn.com\/wp-content\/uploads\/2024\/11\/uu-diem-vai-tai-duong-bo.jpg\" class=\"attachment-large size-large\" alt=\"\" srcset=\"https:\/\/lucycovn.com\/wp-content\/uploads\/2024\/11\/uu-diem-vai-tai-duong-bo.jpg 700w, https:\/\/lucycovn.com\/wp-content\/uploads\/2024\/11\/uu-diem-vai-tai-duong-bo-300x158.jpg 300w\" sizes=\"(max-width: 700px) 100vw, 700px\" \/>\t\t\t\t\t\t\t\t\t\t\t\t\t\t\t<\/div>\n\t\t\t\t<\/div>\n\t\t\t\t\t<\/div>\n\t\t<\/div>\n\t\t\t\t\t\t\t<\/div>\n\t\t<\/section>\n\t\t\t\t<section class=\"elementor-section elementor-top-section elementor-element elementor-element-2108e54 elementor-section-boxed elementor-section-height-default elementor-section-height-default\" data-id=\"2108e54\" data-element_type=\"section\">\n\t\t\t\t\t\t<div class=\"elementor-container elementor-column-gap-default\">\n\t\t\t\t\t<div class=\"elementor-column elementor-col-50 elementor-top-column elementor-element elementor-element-9816a50\" data-id=\"9816a50\" data-element_type=\"column\">\n\t\t\t<div class=\"elementor-widget-wrap elementor-element-populated\">\n\t\t\t\t\t\t\t\t<div class=\"elementor-element elementor-element-bd91a20 elementor-widget elementor-widget-text-editor\" data-id=\"bd91a20\" data-element_type=\"widget\" data-widget_type=\"text-editor.default\">\n\t\t\t\t<div class=\"elementor-widget-container\">\n\t\t\t\t\t\t\t<h3><strong>C\u00e1c lo\u1ea1i h\u00ecnh d\u1ecbch v\u1ee5 v\u1eadn chuy\u1ec3n \u0111\u01b0\u1eddng b\u1ed9 t\u1ea1i LUCYCO<\/strong><\/h3><ol><li><p><strong>V\u1eadn chuy\u1ec3n h\u00e0ng l\u1ebb, h\u00e0ng gh\u00e9p<\/strong><br \/>Gi\u1ea3i ph\u00e1p t\u1ed1i \u01b0u chi ph\u00ed cho kh\u00e1ch h\u00e0ng c\u00f3 kh\u1ed1i l\u01b0\u1ee3ng h\u00e0ng h\u00f3a nh\u1ecf l\u1ebb, gi\u00fap gi\u1ea3m gi\u00e1 v\u1eadn chuy\u1ec3n m\u00e0 v\u1eabn \u0111\u1ea3m b\u1ea3o ti\u1ebfn \u0111\u1ed9.<\/p><\/li><li><p><strong>V\u1eadn chuy\u1ec3n h\u00e0ng nguy\u00ean xe (FTL)<\/strong><br \/>Ph\u00f9 h\u1ee3p v\u1edbi kh\u00e1ch h\u00e0ng c\u00f3 nhu c\u1ea7u v\u1eadn chuy\u1ec3n s\u1ed1 l\u01b0\u1ee3ng l\u1edbn, gi\u00fap \u0111\u1ea3m b\u1ea3o h\u00e0ng h\u00f3a \u0111\u01b0\u1ee3c giao nh\u1eadn an to\u00e0n v\u00e0 nhanh ch\u00f3ng.<\/p><\/li><li><p><strong>V\u1eadn chuy\u1ec3n h\u00e0ng h\u00f3a \u0111\u1eb7c bi\u1ec7t<\/strong><br \/>Bao g\u1ed3m h\u00e0ng \u0111\u00f4ng l\u1ea1nh, h\u00e0ng h\u00f3a d\u1ec5 v\u1ee1, ho\u1eb7c c\u1ea7n b\u1ea3o qu\u1ea3n \u0111\u1eb7c bi\u1ec7t, LUCYCO \u0111\u00e1p \u1ee9ng \u0111\u1ea7y \u0111\u1ee7 c\u00e1c ti\u00eau chu\u1ea9n an to\u00e0n v\u00e0 k\u1ef9 thu\u1eadt.<\/p><\/li><li><p><strong>D\u1ecbch v\u1ee5 giao nh\u1eadn h\u00e0ng t\u1eadn n\u01a1i (Door-to-Door)<\/strong><br \/>\u0110\u00e1p \u1ee9ng nhu c\u1ea7u giao h\u00e0ng nhanh, gi\u1ea3m thi\u1ec3u r\u1ee7i ro trong qu\u00e1 tr\u00ecnh v\u1eadn chuy\u1ec3n v\u00e0 ti\u1ebft ki\u1ec7m th\u1eddi gian cho kh\u00e1ch h\u00e0ng.<\/p><\/li><\/ol>\t\t\t\t\t\t<\/div>\n\t\t\t\t<\/div>\n\t\t\t\t\t<\/div>\n\t\t<\/div>\n\t\t\t\t<div class=\"elementor-column elementor-col-50 elementor-top-column elementor-element elementor-element-7900dcb\" data-id=\"7900dcb\" data-element_type=\"column\">\n\t\t\t<div class=\"elementor-widget-wrap elementor-element-populated\">\n\t\t\t\t\t\t\t\t<div class=\"elementor-element elementor-element-7be5c97 elementor-widget elementor-widget-image\" data-id=\"7be5c97\" data-element_type=\"widget\" data-widget_type=\"image.default\">\n\t\t\t\t<div class=\"elementor-widget-container\">\n\t\t\t\t\t\t\t\t\t\t\t\t\t\t\t<img loading=\"lazy\" decoding=\"async\" width=\"1024\" height=\"698\" src=\"https:\/\/lucycovn.com\/wp-content\/uploads\/2024\/11\/slide4-min-1024x698.jpg\" class=\"attachment-large size-large\" alt=\"\" srcset=\"https:\/\/lucycovn.com\/wp-content\/uploads\/2024\/11\/slide4-min-1024x698.jpg 1024w, https:\/\/lucycovn.com\/wp-content\/uploads\/2024\/11\/slide4-min-300x204.jpg 300w, https:\/\/lucycovn.com\/wp-content\/uploads\/2024\/11\/slide4-min-768x523.jpg 768w, https:\/\/lucycovn.com\/wp-content\/uploads\/2024\/11\/slide4-min.jpg 1080w\" sizes=\"(max-width: 1024px) 100vw, 1024px\" \/>\t\t\t\t\t\t\t\t\t\t\t\t\t\t\t<\/div>\n\t\t\t\t<\/div>\n\t\t\t\t\t<\/div>\n\t\t<\/div>\n\t\t\t\t\t\t\t<\/div>\n\t\t<\/section>\n\t\t\t\t\t\t<\/div>\n\t\t\t\t\t<\/div>\n\t\t","protected":false},"excerpt":{"rendered":"<p>V\u1eadn chuy\u1ec3n \u0111\u01b0\u1eddng b\u1ed9 C\u00f4ng ty TNHH Th\u01b0\u01a1ng m\u1ea1i v\u00e0 V\u1eadn chuy\u1ec3n LUCYCO, v\u1edbi tr\u1ee5 s\u1edf t\u1ea1i S\u1ed1 7\/7A\/273 \u0110\u01b0\u1eddng \u0110\u1eb1ng H\u1ea3i, Ph\u01b0\u1eddng \u0110\u1eb1ng H\u1ea3i, Qu\u1eadn H\u1ea3i An, Th\u00e0nh ph\u1ed1 H\u1ea3i Ph\u00f2ng, t\u1ef1 h\u00e0o cung c\u1ea5p d\u1ecbch v\u1ee5 v\u1eadn chuy\u1ec3n \u0111\u01b0\u1eddng b\u1ed9 chuy\u00ean nghi\u1ec7p, nhanh ch\u00f3ng v\u00e0 hi\u1ec7u qu\u1ea3. V\u1edbi l\u1ee3i th\u1ebf l\u00e0 trung t\u00e2m &hellip;<\/p>\n<p class=\"read-more\"> <a class=\"\" href=\"https:\/\/lucycovn.com\/index.php\/van-chuyen-duong-bo\/\"> <span class=\"screen-reader-text\">V\u1eadn chuy\u1ec3n \u0111\u01b0\u1eddng b\u1ed9<\/span> Read More &raquo;<\/a><\/p>\n","protected":false},"author":1,"featured_media":0,"parent":0,"menu_order":0,"comment_status":"closed","ping_status":"closed","template":"","meta":{"site-sidebar-layout":"no-sidebar","site-content-layout":"page-builder","ast-main-header-display":"","ast-hfb-above-header-display":"","ast-hfb-below-header-display":"","ast-hfb-mobile-header-display":"","site-post-title":"disabled","ast-breadcrumbs-content":"","ast-featured-img":"disabled","footer-sml-layout":"","theme-transparent-header-meta":"","adv-header-id-meta":"","stick-header-meta":"","header-above-stick-meta":"","header-main-stick-meta":"","header-below-stick-meta":"","footnotes":""},"class_list":["post-1657","page","type-page","status-publish","hentry"],"_links":{"self":[{"href":"https:\/\/lucycovn.com\/index.php\/wp-json\/wp\/v2\/pages\/1657"}],"collection":[{"href":"https:\/\/lucycovn.com\/index.php\/wp-json\/wp\/v2\/pages"}],"about":[{"href":"https:\/\/lucycovn.com\/index.php\/wp-json\/wp\/v2\/types\/page"}],"author":[{"embeddable":true,"href":"https:\/\/lucycovn.com\/index.php\/wp-json\/wp\/v2\/users\/1"}],"replies":[{"embeddable":true,"href":"https:\/\/lucycovn.com\/index.php\/wp-json\/wp\/v2\/comments?post=1657"}],"version-history":[{"count":10,"href":"https:\/\/lucycovn.com\/index.php\/wp-json\/wp\/v2\/pages\/1657\/revisions"}],"predecessor-version":[{"id":1670,"href":"https:\/\/lucycovn.com\/index.php\/wp-json\/wp\/v2\/pages\/1657\/revisions\/1670"}],"wp:attachment":[{"href":"https:\/\/lucycovn.com\/index.php\/wp-json\/wp\/v2\/media?parent=1657"}],"curies":[{"name":"wp","href":"https:\/\/api.w.org\/{rel}","templated":true}]}}