{"id":1671,"date":"2024-11-28T08:12:30","date_gmt":"2024-11-28T08:12:30","guid":{"rendered":"https:\/\/lucycovn.com\/?page_id=1671"},"modified":"2024-11-28T08:18:57","modified_gmt":"2024-11-28T08:18:57","slug":"dich-vu-hai-quan","status":"publish","type":"page","link":"https:\/\/lucycovn.com\/index.php\/dich-vu-hai-quan\/","title":{"rendered":"D\u1ecbch v\u1ee5 h\u1ea3i quan"},"content":{"rendered":"\t\t<div data-elementor-type=\"wp-page\" data-elementor-id=\"1671\" class=\"elementor elementor-1671\" data-elementor-settings=\"[]\">\n\t\t\t\t\t\t\t<div class=\"elementor-section-wrap\">\n\t\t\t\t\t\t\t<section class=\"elementor-section elementor-top-section elementor-element elementor-element-da0a2fa elementor-section-boxed elementor-section-height-default elementor-section-height-default\" data-id=\"da0a2fa\" data-element_type=\"section\">\n\t\t\t\t\t\t<div class=\"elementor-container elementor-column-gap-default\">\n\t\t\t\t\t<div class=\"elementor-column elementor-col-100 elementor-top-column elementor-element elementor-element-1837fa0\" data-id=\"1837fa0\" data-element_type=\"column\">\n\t\t\t<div class=\"elementor-widget-wrap elementor-element-populated\">\n\t\t\t\t\t\t\t\t<div class=\"elementor-element elementor-element-c944c6a elementor-widget elementor-widget-heading\" data-id=\"c944c6a\" data-element_type=\"widget\" data-widget_type=\"heading.default\">\n\t\t\t\t<div class=\"elementor-widget-container\">\n\t\t\t<h2 class=\"elementor-heading-title elementor-size-default\">L\u1ee3i \u00edch khi s\u1eed d\u1ee5ng d\u1ecbch v\u1ee5 khai b\u00e1o h\u1ea3i quan t\u1ea1i LUCYCO<\/h2>\t\t<\/div>\n\t\t\t\t<\/div>\n\t\t\t\t<div class=\"elementor-element elementor-element-4783796 uael-price-list__link-complete-no uael-pricelist-stack-mobile uael-price-list-shape-custom elementor-widget elementor-widget-uael-price-list\" data-id=\"4783796\" data-element_type=\"widget\" data-settings=\"{&quot;row_gap&quot;:{&quot;unit&quot;:&quot;px&quot;,&quot;size&quot;:20,&quot;sizes&quot;:[]},&quot;row_gap_tablet&quot;:{&quot;unit&quot;:&quot;px&quot;,&quot;size&quot;:&quot;&quot;,&quot;sizes&quot;:[]},&quot;row_gap_mobile&quot;:{&quot;unit&quot;:&quot;px&quot;,&quot;size&quot;:&quot;&quot;,&quot;sizes&quot;:[]},&quot;pricelist_image_gap&quot;:{&quot;unit&quot;:&quot;px&quot;,&quot;size&quot;:0,&quot;sizes&quot;:[]},&quot;pricelist_image_gap_tablet&quot;:{&quot;unit&quot;:&quot;px&quot;,&quot;size&quot;:&quot;&quot;,&quot;sizes&quot;:[]},&quot;pricelist_image_gap_mobile&quot;:{&quot;unit&quot;:&quot;px&quot;,&quot;size&quot;:&quot;&quot;,&quot;sizes&quot;:[]},&quot;list_padding&quot;:{&quot;unit&quot;:&quot;px&quot;,&quot;top&quot;:&quot;&quot;,&quot;right&quot;:&quot;&quot;,&quot;bottom&quot;:&quot;&quot;,&quot;left&quot;:&quot;&quot;,&quot;isLinked&quot;:true},&quot;list_padding_tablet&quot;:{&quot;unit&quot;:&quot;px&quot;,&quot;top&quot;:&quot;&quot;,&quot;right&quot;:&quot;&quot;,&quot;bottom&quot;:&quot;&quot;,&quot;left&quot;:&quot;&quot;,&quot;isLinked&quot;:true},&quot;list_padding_mobile&quot;:{&quot;unit&quot;:&quot;px&quot;,&quot;top&quot;:&quot;&quot;,&quot;right&quot;:&quot;&quot;,&quot;bottom&quot;:&quot;&quot;,&quot;left&quot;:&quot;&quot;,&quot;isLinked&quot;:true},&quot;pricelist_title_margin&quot;:{&quot;unit&quot;:&quot;px&quot;,&quot;top&quot;:&quot;10&quot;,&quot;right&quot;:&quot;10&quot;,&quot;bottom&quot;:&quot;10&quot;,&quot;left&quot;:&quot;10&quot;,&quot;isLinked&quot;:true},&quot;pricelist_title_margin_tablet&quot;:{&quot;unit&quot;:&quot;px&quot;,&quot;top&quot;:&quot;&quot;,&quot;right&quot;:&quot;&quot;,&quot;bottom&quot;:&quot;&quot;,&quot;left&quot;:&quot;&quot;,&quot;isLinked&quot;:true},&quot;pricelist_title_margin_mobile&quot;:{&quot;unit&quot;:&quot;px&quot;,&quot;top&quot;:&quot;&quot;,&quot;right&quot;:&quot;&quot;,&quot;bottom&quot;:&quot;&quot;,&quot;left&quot;:&quot;&quot;,&quot;isLinked&quot;:true},&quot;pricelist_desc_margin&quot;:{&quot;unit&quot;:&quot;px&quot;,&quot;top&quot;:&quot;10&quot;,&quot;right&quot;:&quot;10&quot;,&quot;bottom&quot;:&quot;10&quot;,&quot;left&quot;:&quot;10&quot;,&quot;isLinked&quot;:true},&quot;pricelist_desc_margin_tablet&quot;:{&quot;unit&quot;:&quot;px&quot;,&quot;top&quot;:&quot;&quot;,&quot;right&quot;:&quot;&quot;,&quot;bottom&quot;:&quot;&quot;,&quot;left&quot;:&quot;&quot;,&quot;isLinked&quot;:true},&quot;pricelist_desc_margin_mobile&quot;:{&quot;unit&quot;:&quot;px&quot;,&quot;top&quot;:&quot;&quot;,&quot;right&quot;:&quot;&quot;,&quot;bottom&quot;:&quot;&quot;,&quot;left&quot;:&quot;&quot;,&quot;isLinked&quot;:true},&quot;pricelist_price_margin&quot;:{&quot;unit&quot;:&quot;px&quot;,&quot;top&quot;:&quot;10&quot;,&quot;right&quot;:&quot;10&quot;,&quot;bottom&quot;:&quot;10&quot;,&quot;left&quot;:&quot;10&quot;,&quot;isLinked&quot;:true},&quot;pricelist_price_margin_tablet&quot;:{&quot;unit&quot;:&quot;px&quot;,&quot;top&quot;:&quot;&quot;,&quot;right&quot;:&quot;&quot;,&quot;bottom&quot;:&quot;&quot;,&quot;left&quot;:&quot;&quot;,&quot;isLinked&quot;:true},&quot;pricelist_price_margin_mobile&quot;:{&quot;unit&quot;:&quot;px&quot;,&quot;top&quot;:&quot;&quot;,&quot;right&quot;:&quot;&quot;,&quot;bottom&quot;:&quot;&quot;,&quot;left&quot;:&quot;&quot;,&quot;isLinked&quot;:true},&quot;image_width&quot;:{&quot;unit&quot;:&quot;px&quot;,&quot;size&quot;:150,&quot;sizes&quot;:[]},&quot;image_width_tablet&quot;:{&quot;unit&quot;:&quot;px&quot;,&quot;size&quot;:&quot;&quot;,&quot;sizes&quot;:[]},&quot;image_width_mobile&quot;:{&quot;unit&quot;:&quot;px&quot;,&quot;size&quot;:&quot;&quot;,&quot;sizes&quot;:[]}}\" data-widget_type=\"uael-price-list.default\">\n\t\t\t\t<div class=\"elementor-widget-container\">\n\t\t\t\n<div class=\"uael-price-list uael-price-list-left uael-pl-price-position-right\">\n\n\t\t\t\t\t\t<div class=\"uael-price-list-item\">\n\n\t\t\t\t\t\t\t<div class=\"uael-price-list-image\">\n\t\t\t\t\t<img decoding=\"async\" class=\"\" src=\"https:\/\/lucycovn.com\/wp-content\/uploads\/2024\/11\/khai-bao-hai-quan-dien-tu-min-150x150.jpg\" alt=\"Ti\u1ebft ki\u1ec7m th\u1eddi gian\" \/>\t\t\t\t<\/div>\n\t\t\t\n\t\t\t<div class=\"uael-price-list-text\">\n\t\t\t\t<div class=\"uael-price-list-header\">\n\t\t\t\t\t<a class=\"uael-price-list-title\" href=\"#\">\t\t\t\t\t<span >Ti\u1ebft ki\u1ec7m th\u1eddi gian<\/span>\n\t\t\t\t\t<\/a>\t\t\t\t\t\t<span class=\"uael-price-list-separator\"><\/span>\n\t\t\t\t\t\n\t\t\t\t\t\t\t\t<span class=\"uael-price-wrapper uael-pl-price-inner\">\n\t\t\t\t<span class=\"uael-price-list-price \" ><\/span>\n\t\t\t\t\t\t\t<\/span>\n\t\t\t\t\t\t\t<\/div>\n\n\t\t\t\t\n\t\t\t\t<p class=\"uael-price-list-description\">T\u1ed1i \u01b0u h\u00f3a quy tr\u00ecnh v\u00e0 r\u00fat ng\u1eafn th\u1eddi gian th\u00f4ng quan.<\/p>\n\n\t\t\t\t\n\t\t\t\t\t\t\t<span class=\"uael-price-wrapper uael-pl-price-outer\">\n\t\t\t\t<span class=\"uael-price-list-price  uael-price-list-price \" ><\/span>\n\t\t\t\t\t\t\t<\/span>\n\t\t\t\t\t\t<\/div>\n\t\t<\/div>\n\t\t\t\t\t\t\t\t<div class=\"uael-price-list-item\">\n\n\t\t\t\t\t\t\t<div class=\"uael-price-list-image\">\n\t\t\t\t\t<img decoding=\"async\" class=\"\" src=\"https:\/\/lucycovn.com\/wp-content\/uploads\/2024\/11\/104409334-150x150.jpg\" alt=\"Gi\u1ea3m thi\u1ec3u r\u1ee7i ro\" \/>\t\t\t\t<\/div>\n\t\t\t\n\t\t\t<div class=\"uael-price-list-text\">\n\t\t\t\t<div class=\"uael-price-list-header\">\n\t\t\t\t\t<a class=\"uael-price-list-title\" href=\"#\">\t\t\t\t\t<span >Gi\u1ea3m thi\u1ec3u r\u1ee7i ro<\/span>\n\t\t\t\t\t<\/a>\t\t\t\t\t\t<span class=\"uael-price-list-separator\"><\/span>\n\t\t\t\t\t\n\t\t\t\t\t\t\t\t<span class=\"uael-price-wrapper uael-pl-price-inner\">\n\t\t\t\t<span class=\"uael-price-list-price \" ><\/span>\n\t\t\t\t\t\t\t<\/span>\n\t\t\t\t\t\t\t<\/div>\n\n\t\t\t\t\n\t\t\t\t<p class=\"uael-price-list-description\">H\u1ea1n ch\u1ebf t\u1ed1i \u0111a c\u00e1c l\u1ed7i sai s\u00f3t trong h\u1ed3 s\u01a1 v\u00e0 quy tr\u00ecnh.<\/p>\n\n\t\t\t\t\n\t\t\t\t\t\t\t<span class=\"uael-price-wrapper uael-pl-price-outer\">\n\t\t\t\t<span class=\"uael-price-list-price  uael-price-list-price \" ><\/span>\n\t\t\t\t\t\t\t<\/span>\n\t\t\t\t\t\t<\/div>\n\t\t<\/div>\n\t\t\t\t\t\t\t\t<div class=\"uael-price-list-item\">\n\n\t\t\t\t\t\t\t<div class=\"uael-price-list-image\">\n\t\t\t\t\t<img decoding=\"async\" class=\"\" src=\"https:\/\/lucycovn.com\/wp-content\/uploads\/2024\/11\/khai-bao-hai-quan-150x150.jpg\" alt=\"T\u0103ng hi\u1ec7u qu\u1ea3 kinh doanh\" \/>\t\t\t\t<\/div>\n\t\t\t\n\t\t\t<div class=\"uael-price-list-text\">\n\t\t\t\t<div class=\"uael-price-list-header\">\n\t\t\t\t\t<a class=\"uael-price-list-title\" href=\"#\">\t\t\t\t\t<span >T\u0103ng hi\u1ec7u qu\u1ea3 kinh doanh<\/span>\n\t\t\t\t\t<\/a>\t\t\t\t\t\t<span class=\"uael-price-list-separator\"><\/span>\n\t\t\t\t\t\n\t\t\t\t\t\t\t\t<span class=\"uael-price-wrapper uael-pl-price-inner\">\n\t\t\t\t<span class=\"uael-price-list-price \" ><\/span>\n\t\t\t\t\t\t\t<\/span>\n\t\t\t\t\t\t\t<\/div>\n\n\t\t\t\t\n\t\t\t\t<p class=\"uael-price-list-description\">\u0110\u1ea3m b\u1ea3o h\u00e0ng h\u00f3a l\u01b0u th\u00f4ng \u0111\u00fang l\u1ecbch tr\u00ecnh, gi\u00fap doanh nghi\u1ec7p ho\u1ea1t \u0111\u1ed9ng su\u00f4n s\u1ebb.<\/p>\n\n\t\t\t\t\n\t\t\t\t\t\t\t<span class=\"uael-price-wrapper uael-pl-price-outer\">\n\t\t\t\t<span class=\"uael-price-list-price  uael-price-list-price \" ><\/span>\n\t\t\t\t\t\t\t<\/span>\n\t\t\t\t\t\t<\/div>\n\t\t<\/div>\n\t\t\t<\/div>\n\t\t<\/div>\n\t\t\t\t<\/div>\n\t\t\t\t\t<\/div>\n\t\t<\/div>\n\t\t\t\t\t\t\t<\/div>\n\t\t<\/section>\n\t\t\t\t<section class=\"elementor-section elementor-top-section elementor-element elementor-element-c51c3d4 elementor-section-boxed elementor-section-height-default elementor-section-height-default\" data-id=\"c51c3d4\" data-element_type=\"section\">\n\t\t\t\t\t\t<div class=\"elementor-container elementor-column-gap-default\">\n\t\t\t\t\t<div class=\"elementor-column elementor-col-50 elementor-top-column elementor-element elementor-element-df3a6f6\" data-id=\"df3a6f6\" data-element_type=\"column\">\n\t\t\t<div class=\"elementor-widget-wrap elementor-element-populated\">\n\t\t\t\t\t\t\t\t<div class=\"elementor-element elementor-element-f1ebbc5 elementor-widget elementor-widget-text-editor\" data-id=\"f1ebbc5\" data-element_type=\"widget\" data-widget_type=\"text-editor.default\">\n\t\t\t\t<div class=\"elementor-widget-container\">\n\t\t\t\t\t\t\t<h3><strong>Quy tr\u00ecnh d\u1ecbch v\u1ee5 khai b\u00e1o h\u1ea3i quan t\u1ea1i LUCYCO<\/strong><\/h3><ol><li><p><strong>Ti\u1ebfp nh\u1eadn y\u00eau c\u1ea7u<\/strong><br \/>Kh\u00e1ch h\u00e0ng cung c\u1ea5p th\u00f4ng tin v\u00e0 ch\u1ee9ng t\u1eeb li\u00ean quan qua <strong>Hotline: (+84) 0902063505<\/strong> ho\u1eb7c tr\u1ef1c ti\u1ebfp t\u1ea1i v\u0103n ph\u00f2ng c\u1ee7a LUCYCO.<\/p><\/li><li><p><strong>T\u01b0 v\u1ea5n v\u00e0 chu\u1ea9n b\u1ecb h\u1ed3 s\u01a1<\/strong><br \/>\u0110\u1ed9i ng\u0169 chuy\u00ean vi\u00ean s\u1ebd h\u1ed7 tr\u1ee3 ki\u1ec3m tra t\u00ednh h\u1ee3p l\u1ec7 c\u1ee7a ch\u1ee9ng t\u1eeb v\u00e0 t\u01b0 v\u1ea5n c\u00e1c b\u01b0\u1edbc th\u1ef1c hi\u1ec7n ph\u00f9 h\u1ee3p.<\/p><\/li><li><p><strong>Khai b\u00e1o h\u1ea3i quan<\/strong><br \/>LUCYCO ti\u1ebfn h\u00e0nh khai b\u00e1o tr\u00ean h\u1ec7 th\u1ed1ng h\u1ea3i quan \u0111i\u1ec7n t\u1eed v\u00e0 l\u00e0m vi\u1ec7c tr\u1ef1c ti\u1ebfp v\u1edbi c\u01a1 quan ch\u1ee9c n\u0103ng \u0111\u1ec3 \u0111\u1ea3m b\u1ea3o th\u00f4ng quan nhanh ch\u00f3ng.<\/p><\/li><li><p><strong>Theo d\u00f5i v\u00e0 ho\u00e0n thi\u1ec7n th\u00f4ng quan<\/strong><br \/>Ch\u00fang t\u00f4i gi\u00e1m s\u00e1t ti\u1ebfn \u0111\u1ed9 th\u00f4ng quan, h\u1ed7 tr\u1ee3 x\u1eed l\u00fd c\u00e1c v\u1ea5n \u0111\u1ec1 ph\u00e1t sinh n\u1ebfu c\u00f3 v\u00e0 \u0111\u1ea3m b\u1ea3o h\u00e0ng h\u00f3a \u0111\u01b0\u1ee3c giao nh\u1eadn \u0111\u00fang k\u1ebf ho\u1ea1ch.<\/p><\/li><\/ol>\t\t\t\t\t\t<\/div>\n\t\t\t\t<\/div>\n\t\t\t\t\t<\/div>\n\t\t<\/div>\n\t\t\t\t<div class=\"elementor-column elementor-col-50 elementor-top-column elementor-element elementor-element-062a8af\" data-id=\"062a8af\" data-element_type=\"column\">\n\t\t\t<div class=\"elementor-widget-wrap elementor-element-populated\">\n\t\t\t\t\t\t\t\t<div class=\"elementor-element elementor-element-f391a21 elementor-widget elementor-widget-image\" data-id=\"f391a21\" data-element_type=\"widget\" data-widget_type=\"image.default\">\n\t\t\t\t<div class=\"elementor-widget-container\">\n\t\t\t\t\t\t\t\t\t\t\t\t\t\t\t<img loading=\"lazy\" decoding=\"async\" width=\"700\" height=\"394\" src=\"https:\/\/lucycovn.com\/wp-content\/uploads\/2024\/11\/khai-bao-hai-quan.jpg\" class=\"attachment-large size-large\" alt=\"\" srcset=\"https:\/\/lucycovn.com\/wp-content\/uploads\/2024\/11\/khai-bao-hai-quan.jpg 700w, https:\/\/lucycovn.com\/wp-content\/uploads\/2024\/11\/khai-bao-hai-quan-300x169.jpg 300w\" sizes=\"(max-width: 700px) 100vw, 700px\" \/>\t\t\t\t\t\t\t\t\t\t\t\t\t\t\t<\/div>\n\t\t\t\t<\/div>\n\t\t\t\t\t<\/div>\n\t\t<\/div>\n\t\t\t\t\t\t\t<\/div>\n\t\t<\/section>\n\t\t\t\t<section class=\"elementor-section elementor-top-section elementor-element elementor-element-ad8a691 elementor-section-boxed elementor-section-height-default elementor-section-height-default\" data-id=\"ad8a691\" data-element_type=\"section\">\n\t\t\t\t\t\t<div class=\"elementor-container elementor-column-gap-default\">\n\t\t\t\t\t<div class=\"elementor-column elementor-col-50 elementor-top-column elementor-element elementor-element-6eabaa6\" data-id=\"6eabaa6\" data-element_type=\"column\">\n\t\t\t<div class=\"elementor-widget-wrap elementor-element-populated\">\n\t\t\t\t\t\t\t\t<div class=\"elementor-element elementor-element-83bea1f elementor-widget elementor-widget-image\" data-id=\"83bea1f\" data-element_type=\"widget\" data-widget_type=\"image.default\">\n\t\t\t\t<div class=\"elementor-widget-container\">\n\t\t\t\t\t\t\t\t\t\t\t\t\t\t\t<img loading=\"lazy\" decoding=\"async\" width=\"1024\" height=\"545\" src=\"https:\/\/lucycovn.com\/wp-content\/uploads\/2024\/11\/port2-min-1024x545.jpg\" class=\"attachment-large size-large\" alt=\"\" srcset=\"https:\/\/lucycovn.com\/wp-content\/uploads\/2024\/11\/port2-min-1024x545.jpg 1024w, https:\/\/lucycovn.com\/wp-content\/uploads\/2024\/11\/port2-min-300x160.jpg 300w, https:\/\/lucycovn.com\/wp-content\/uploads\/2024\/11\/port2-min-768x409.jpg 768w, https:\/\/lucycovn.com\/wp-content\/uploads\/2024\/11\/port2-min.jpg 1500w\" sizes=\"(max-width: 1024px) 100vw, 1024px\" \/>\t\t\t\t\t\t\t\t\t\t\t\t\t\t\t<\/div>\n\t\t\t\t<\/div>\n\t\t\t\t\t<\/div>\n\t\t<\/div>\n\t\t\t\t<div class=\"elementor-column elementor-col-50 elementor-top-column elementor-element elementor-element-92bb9a2\" data-id=\"92bb9a2\" data-element_type=\"column\">\n\t\t\t<div class=\"elementor-widget-wrap elementor-element-populated\">\n\t\t\t\t\t\t\t\t<div class=\"elementor-element elementor-element-eb2d005 elementor-widget elementor-widget-text-editor\" data-id=\"eb2d005\" data-element_type=\"widget\" data-widget_type=\"text-editor.default\">\n\t\t\t\t<div class=\"elementor-widget-container\">\n\t\t\t\t\t\t\t<h3><strong>T\u1ea1i sao n\u00ean ch\u1ecdn d\u1ecbch v\u1ee5 khai b\u00e1o h\u1ea3i quan c\u1ee7a LUCYCO?<\/strong><\/h3><ol><li><p><strong>Hi\u1ec3u bi\u1ebft s\u00e2u r\u1ed9ng v\u1ec1 lu\u1eadt h\u1ea3i quan<\/strong><br \/>\u0110\u1ed9i ng\u0169 nh\u00e2n vi\u00ean c\u1ee7a LUCYCO \u0111\u01b0\u1ee3c \u0111\u00e0o t\u1ea1o b\u00e0i b\u1ea3n v\u00e0 c\u1eadp nh\u1eadt th\u01b0\u1eddng xuy\u00ean v\u1ec1 c\u00e1c quy \u0111\u1ecbnh h\u1ea3i quan, \u0111\u1ea3m b\u1ea3o khai b\u00e1o ch\u00ednh x\u00e1c, tr\u00e1nh c\u00e1c r\u1ee7i ro v\u1ec1 ph\u00e1p l\u00fd v\u00e0 chi ph\u00ed kh\u00f4ng \u0111\u00e1ng c\u00f3.<\/p><\/li><li><p><strong>X\u1eed l\u00fd nhanh ch\u00f3ng v\u00e0 hi\u1ec7u qu\u1ea3<\/strong><br \/>LUCYCO s\u1eed d\u1ee5ng h\u1ec7 th\u1ed1ng khai b\u00e1o h\u1ea3i quan \u0111i\u1ec7n t\u1eed hi\u1ec7n \u0111\u1ea1i, gi\u00fap r\u00fat ng\u1eafn th\u1eddi gian x\u1eed l\u00fd h\u1ed3 s\u01a1, \u0111\u1ea3m b\u1ea3o ti\u1ebfn \u0111\u1ed9 th\u00f4ng quan nhanh nh\u1ea5t cho h\u00e0ng h\u00f3a c\u1ee7a kh\u00e1ch h\u00e0ng.<\/p><\/li><li><p><strong>D\u1ecbch v\u1ee5 tr\u1ecdn g\u00f3i<\/strong><br \/>Ch\u00fang t\u00f4i cung c\u1ea5p d\u1ecbch v\u1ee5 khai b\u00e1o h\u1ea3i quan t\u1eeb A \u0111\u1ebfn Z, bao g\u1ed3m:<\/p><ul><li>Chu\u1ea9n b\u1ecb h\u1ed3 s\u01a1, ch\u1ee9ng t\u1eeb li\u00ean quan.<\/li><li>Khai b\u00e1o v\u00e0 n\u1ed9p t\u1edd khai h\u1ea3i quan.<\/li><li>H\u1ed7 tr\u1ee3 ki\u1ec3m tra v\u00e0 th\u00f4ng quan h\u00e0ng h\u00f3a.<\/li><li>T\u01b0 v\u1ea5n v\u00e0 x\u1eed l\u00fd c\u00e1c v\u1ea5n \u0111\u1ec1 ph\u00e1t sinh trong qu\u00e1 tr\u00ecnh th\u00f4ng quan.<\/li><\/ul><\/li><li><p><strong>H\u1ed7 tr\u1ee3 \u0111a d\u1ea1ng lo\u1ea1i h\u00e0ng h\u00f3a<\/strong><br \/>LUCYCO c\u00f3 kinh nghi\u1ec7m x\u1eed l\u00fd c\u00e1c lo\u1ea1i h\u00e0ng h\u00f3a kh\u00e1c nhau:<\/p><ul><li>H\u00e0ng h\u00f3a xu\u1ea5t nh\u1eadp kh\u1ea9u th\u00f4ng th\u01b0\u1eddng.<\/li><li>H\u00e0ng nguy hi\u1ec3m (DG cargo).<\/li><li>H\u00e0ng \u0111\u00f4ng l\u1ea1nh, th\u1ef1c ph\u1ea9m, v\u00e0 d\u01b0\u1ee3c ph\u1ea9m.<\/li><li>H\u00e0ng m\u1eabu, qu\u00e0 bi\u1ebfu v\u00e0 h\u00e0ng h\u00f3a nh\u1ecf l\u1ebb.<\/li><\/ul><\/li><li><p><strong>Gi\u00e1 c\u1ea3 c\u1ea1nh tranh, minh b\u1ea1ch<\/strong><br \/>Ch\u00fang t\u00f4i cam k\u1ebft cung c\u1ea5p d\u1ecbch v\u1ee5 v\u1edbi chi ph\u00ed h\u1ee3p l\u00fd v\u00e0 minh b\u1ea1ch, \u0111\u1ea3m b\u1ea3o kh\u00f4ng c\u00f3 chi ph\u00ed ph\u00e1t sinh kh\u00f4ng r\u00f5 r\u00e0ng.<\/p><\/li><\/ol>\t\t\t\t\t\t<\/div>\n\t\t\t\t<\/div>\n\t\t\t\t\t<\/div>\n\t\t<\/div>\n\t\t\t\t\t\t\t<\/div>\n\t\t<\/section>\n\t\t\t\t\t\t<\/div>\n\t\t\t\t\t<\/div>\n\t\t","protected":false},"excerpt":{"rendered":"<p>L\u1ee3i \u00edch khi s\u1eed d\u1ee5ng d\u1ecbch v\u1ee5 khai b\u00e1o h\u1ea3i quan t\u1ea1i LUCYCO Ti\u1ebft ki\u1ec7m th\u1eddi gian T\u1ed1i \u01b0u h\u00f3a quy tr\u00ecnh v\u00e0 r\u00fat ng\u1eafn th\u1eddi gian th\u00f4ng quan. Gi\u1ea3m thi\u1ec3u r\u1ee7i ro H\u1ea1n ch\u1ebf t\u1ed1i \u0111a c\u00e1c l\u1ed7i sai s\u00f3t trong h\u1ed3 s\u01a1 v\u00e0 quy tr\u00ecnh. T\u0103ng hi\u1ec7u qu\u1ea3 kinh doanh \u0110\u1ea3m b\u1ea3o h\u00e0ng &hellip;<\/p>\n<p class=\"read-more\"> <a class=\"\" href=\"https:\/\/lucycovn.com\/index.php\/dich-vu-hai-quan\/\"> <span class=\"screen-reader-text\">D\u1ecbch v\u1ee5 h\u1ea3i quan<\/span> Read More &raquo;<\/a><\/p>\n","protected":false},"author":1,"featured_media":0,"parent":0,"menu_order":0,"comment_status":"closed","ping_status":"closed","template":"","meta":{"site-sidebar-layout":"no-sidebar","site-content-layout":"page-builder","ast-main-header-display":"","ast-hfb-above-header-display":"","ast-hfb-below-header-display":"","ast-hfb-mobile-header-display":"","site-post-title":"disabled","ast-breadcrumbs-content":"","ast-featured-img":"disabled","footer-sml-layout":"","theme-transparent-header-meta":"","adv-header-id-meta":"","stick-header-meta":"","header-above-stick-meta":"","header-main-stick-meta":"","header-below-stick-meta":"","footnotes":""},"class_list":["post-1671","page","type-page","status-publish","hentry"],"_links":{"self":[{"href":"https:\/\/lucycovn.com\/index.php\/wp-json\/wp\/v2\/pages\/1671"}],"collection":[{"href":"https:\/\/lucycovn.com\/index.php\/wp-json\/wp\/v2\/pages"}],"about":[{"href":"https:\/\/lucycovn.com\/index.php\/wp-json\/wp\/v2\/types\/page"}],"author":[{"embeddable":true,"href":"https:\/\/lucycovn.com\/index.php\/wp-json\/wp\/v2\/users\/1"}],"replies":[{"embeddable":true,"href":"https:\/\/lucycovn.com\/index.php\/wp-json\/wp\/v2\/comments?post=1671"}],"version-history":[{"count":7,"href":"https:\/\/lucycovn.com\/index.php\/wp-json\/wp\/v2\/pages\/1671\/revisions"}],"predecessor-version":[{"id":1682,"href":"https:\/\/lucycovn.com\/index.php\/wp-json\/wp\/v2\/pages\/1671\/revisions\/1682"}],"wp:attachment":[{"href":"https:\/\/lucycovn.com\/index.php\/wp-json\/wp\/v2\/media?parent=1671"}],"curies":[{"name":"wp","href":"https:\/\/api.w.org\/{rel}","templated":true}]}}