{"id":1689,"date":"2024-11-28T08:22:14","date_gmt":"2024-11-28T08:22:14","guid":{"rendered":"https:\/\/lucycovn.com\/?page_id=1689"},"modified":"2024-11-28T08:27:22","modified_gmt":"2024-11-28T08:27:22","slug":"dich-vu-van-chuyen-hang-du-an","status":"publish","type":"page","link":"https:\/\/lucycovn.com\/index.php\/dich-vu-van-chuyen-hang-du-an\/","title":{"rendered":"D\u1ecbch v\u1ee5 v\u1eadn chuy\u1ec3n h\u00e0ng d\u1ef1 \u00e1n"},"content":{"rendered":"\t\t<div data-elementor-type=\"wp-page\" data-elementor-id=\"1689\" class=\"elementor elementor-1689\" data-elementor-settings=\"[]\">\n\t\t\t\t\t\t\t<div class=\"elementor-section-wrap\">\n\t\t\t\t\t\t\t<section class=\"elementor-section elementor-top-section elementor-element elementor-element-fbd98eb elementor-section-boxed elementor-section-height-default elementor-section-height-default\" data-id=\"fbd98eb\" data-element_type=\"section\">\n\t\t\t\t\t\t<div class=\"elementor-container elementor-column-gap-default\">\n\t\t\t\t\t<div class=\"elementor-column elementor-col-100 elementor-top-column elementor-element elementor-element-bcc2c93\" data-id=\"bcc2c93\" data-element_type=\"column\">\n\t\t\t<div class=\"elementor-widget-wrap elementor-element-populated\">\n\t\t\t\t\t\t\t\t<div class=\"elementor-element elementor-element-7ad41ee elementor-widget elementor-widget-heading\" data-id=\"7ad41ee\" data-element_type=\"widget\" data-widget_type=\"heading.default\">\n\t\t\t\t<div class=\"elementor-widget-container\">\n\t\t\t<h2 class=\"elementor-heading-title elementor-size-default\">D\u1ecbch v\u1ee5 v\u1eadn chuy\u1ec3n H\u00e0ng D\u1ef1 \u00c1n Chuy\u00ean nghi\u1ec7p c\u1ee7a C\u00f4ng ty TNHH Th\u01b0\u01a1ng m\u1ea1i v\u00e0 V\u1eadn chuy\u1ec3n LUCYCO<\/h2>\t\t<\/div>\n\t\t\t\t<\/div>\n\t\t\t\t<div class=\"elementor-element elementor-element-7882e90 elementor-widget elementor-widget-text-editor\" data-id=\"7882e90\" data-element_type=\"widget\" data-widget_type=\"text-editor.default\">\n\t\t\t\t<div class=\"elementor-widget-container\">\n\t\t\t\t\t\t\t<p><strong>C\u00f4ng ty TNHH Th\u01b0\u01a1ng m\u1ea1i v\u00e0 V\u1eadn chuy\u1ec3n LUCYCO<\/strong>, v\u1edbi tr\u1ee5 s\u1edf t\u1ea1i H\u1ea3i Ph\u00f2ng, l\u00e0 \u0111\u1ed1i t\u00e1c tin c\u1eady trong vi\u1ec7c cung c\u1ea5p c\u00e1c gi\u1ea3i ph\u00e1p logistics to\u00e0n di\u1ec7n, \u0111\u1eb7c bi\u1ec7t l\u00e0 d\u1ecbch v\u1ee5 <strong>v\u1eadn chuy\u1ec3n h\u00e0ng d\u1ef1 \u00e1n<\/strong>. V\u1edbi \u0111\u1ed9i ng\u0169 chuy\u00ean gia gi\u00e0u kinh nghi\u1ec7m, c\u01a1 s\u1edf h\u1ea1 t\u1ea7ng hi\u1ec7n \u0111\u1ea1i v\u00e0 s\u1ef1 t\u1eadn t\u00e2m, LUCYCO \u0111\u00e3 v\u00e0 \u0111ang \u0111\u1ed3ng h\u00e0nh c\u00f9ng nhi\u1ec1u doanh nghi\u1ec7p l\u1edbn trong vi\u1ec7c tri\u1ec3n khai c\u00e1c d\u1ef1 \u00e1n ph\u1ee9c t\u1ea1p, \u0111\u1ea3m b\u1ea3o \u0111\u00fang ti\u1ebfn \u0111\u1ed9 v\u00e0 ch\u1ea5t l\u01b0\u1ee3ng.<\/p>\t\t\t\t\t\t<\/div>\n\t\t\t\t<\/div>\n\t\t\t\t<div class=\"elementor-element elementor-element-e02a40f elementor-widget elementor-widget-text-editor\" data-id=\"e02a40f\" data-element_type=\"widget\" data-widget_type=\"text-editor.default\">\n\t\t\t\t<div class=\"elementor-widget-container\">\n\t\t\t\t\t\t\t<h3><strong>H\u00e0ng d\u1ef1 \u00e1n l\u00e0 g\u00ec?<\/strong><\/h3><p>H\u00e0ng d\u1ef1 \u00e1n (Project Cargo) l\u00e0 c\u00e1c l\u00f4 h\u00e0ng c\u00f3 k\u00edch th\u01b0\u1edbc, tr\u1ecdng l\u01b0\u1ee3ng l\u1edbn, ho\u1eb7c h\u00e0ng h\u00f3a \u0111\u1eb7c th\u00f9 c\u1ea7n s\u1ef1 h\u1ed7 tr\u1ee3 k\u1ef9 thu\u1eadt v\u00e0 l\u00ean k\u1ebf ho\u1ea1ch t\u1ec9 m\u1ec9 trong qu\u00e1 tr\u00ecnh v\u1eadn chuy\u1ec3n. C\u00e1c lo\u1ea1i h\u00e0ng d\u1ef1 \u00e1n th\u01b0\u1eddng bao g\u1ed3m:<\/p><ul><li><strong>M\u00e1y m\u00f3c, thi\u1ebft b\u1ecb c\u00f4ng nghi\u1ec7p:<\/strong> D\u00f9ng cho x\u00e2y d\u1ef1ng nh\u00e0 m\u00e1y, d\u00e2y chuy\u1ec1n s\u1ea3n xu\u1ea5t.<\/li><li><strong>C\u1ea5u ki\u1ec7n l\u1edbn:<\/strong> D\u1ea7m th\u00e9p, tua-bin gi\u00f3, c\u1ed9t \u0111i\u1ec7n.<\/li><li><strong>H\u00e0ng h\u00f3a \u0111\u1eb7c bi\u1ec7t:<\/strong> H\u00f3a ch\u1ea5t, h\u00e0ng nguy hi\u1ec3m, ho\u1eb7c h\u00e0ng y\u00eau c\u1ea7u \u0111i\u1ec1u ki\u1ec7n v\u1eadn chuy\u1ec3n \u0111\u1eb7c bi\u1ec7t.<\/li><\/ul>\t\t\t\t\t\t<\/div>\n\t\t\t\t<\/div>\n\t\t\t\t<div class=\"elementor-element elementor-element-412ebb6 elementor-widget-divider--view-line_icon elementor-view-default elementor-widget-divider--element-align-center elementor-widget elementor-widget-divider\" data-id=\"412ebb6\" data-element_type=\"widget\" data-widget_type=\"divider.default\">\n\t\t\t\t<div class=\"elementor-widget-container\">\n\t\t\t\t\t<div class=\"elementor-divider\">\n\t\t\t<span class=\"elementor-divider-separator\">\n\t\t\t\t\t\t\t<div class=\"elementor-icon elementor-divider__element\">\n\t\t\t\t\t<i aria-hidden=\"true\" class=\"fas fa-star\"><\/i><\/div>\n\t\t\t\t\t\t<\/span>\n\t\t<\/div>\n\t\t\t\t<\/div>\n\t\t\t\t<\/div>\n\t\t\t\t\t<\/div>\n\t\t<\/div>\n\t\t\t\t\t\t\t<\/div>\n\t\t<\/section>\n\t\t\t\t<section class=\"elementor-section elementor-top-section elementor-element elementor-element-fcd801f elementor-section-boxed elementor-section-height-default elementor-section-height-default\" data-id=\"fcd801f\" data-element_type=\"section\">\n\t\t\t\t\t\t<div class=\"elementor-container elementor-column-gap-default\">\n\t\t\t\t\t<div class=\"elementor-column elementor-col-50 elementor-top-column elementor-element elementor-element-35a3383\" data-id=\"35a3383\" data-element_type=\"column\">\n\t\t\t<div class=\"elementor-widget-wrap elementor-element-populated\">\n\t\t\t\t\t\t\t\t<div class=\"elementor-element elementor-element-96f9094 elementor-widget elementor-widget-text-editor\" data-id=\"96f9094\" data-element_type=\"widget\" data-widget_type=\"text-editor.default\">\n\t\t\t\t<div class=\"elementor-widget-container\">\n\t\t\t\t\t\t\t<h3><strong>\u01afu \u0111i\u1ec3m c\u1ee7a d\u1ecbch v\u1ee5 v\u1eadn chuy\u1ec3n h\u00e0ng d\u1ef1 \u00e1n t\u1ea1i LUCYCO<\/strong><\/h3><ol><li><p><strong>L\u1eadp k\u1ebf ho\u1ea1ch chi ti\u1ebft v\u00e0 t\u1ed1i \u01b0u h\u00f3a<\/strong><\/p><ul><li>\u0110\u1ed9i ng\u0169 chuy\u00ean gia logistics c\u1ee7a LUCYCO ph\u00e2n t\u00edch, thi\u1ebft k\u1ebf l\u1ed9 tr\u00ecnh v\u00e0 l\u1ef1a ch\u1ecdn ph\u01b0\u01a1ng th\u1ee9c v\u1eadn chuy\u1ec3n t\u1ed1i \u01b0u nh\u1ea5t, gi\u1ea3m thi\u1ec3u chi ph\u00ed v\u00e0 r\u1ee7i ro.<\/li><li>D\u1ecbch v\u1ee5 h\u1ed7 tr\u1ee3 t\u1eeb kh\u00e2u b\u1ed1c x\u1ebfp, \u0111\u00f3ng g\u00f3i, \u0111\u1ebfn v\u1eadn chuy\u1ec3n v\u00e0 b\u00e0n giao t\u1ea1i \u0111i\u1ec3m \u0111\u1ebfn.<\/li><\/ul><\/li><li><p><strong>\u0110a d\u1ea1ng ph\u01b0\u01a1ng th\u1ee9c v\u1eadn chuy\u1ec3n<\/strong><\/p><ul><li><strong>\u0110\u01b0\u1eddng b\u1ed9:<\/strong> S\u1eed d\u1ee5ng xe t\u1ea3i, xe container chuy\u00ean d\u1ee5ng cho h\u00e0ng si\u00eau tr\u01b0\u1eddng, si\u00eau tr\u1ecdng.<\/li><li><strong>\u0110\u01b0\u1eddng bi\u1ec3n:<\/strong> K\u1ebft n\u1ed1i v\u1edbi c\u00e1c c\u1ea3ng l\u1edbn t\u1ea1i H\u1ea3i Ph\u00f2ng \u0111\u1ec3 v\u1eadn chuy\u1ec3n h\u00e0ng qu\u1ed1c t\u1ebf v\u00e0 n\u1ed9i \u0111\u1ecba.<\/li><li><strong>\u0110\u01b0\u1eddng h\u00e0ng kh\u00f4ng:<\/strong> \u0110\u00e1p \u1ee9ng c\u00e1c d\u1ef1 \u00e1n y\u00eau c\u1ea7u th\u1eddi gian g\u1ea5p r\u00fat.<\/li><\/ul><\/li><li><p><strong>Kinh nghi\u1ec7m x\u1eed l\u00fd h\u00e0ng h\u00f3a ph\u1ee9c t\u1ea1p<\/strong><\/p><ul><li>\u0110\u1ea3m b\u1ea3o an to\u00e0n tuy\u1ec7t \u0111\u1ed1i cho h\u00e0ng h\u00f3a th\u00f4ng qua quy tr\u00ecnh \u0111\u00f3ng g\u00f3i, gia c\u1ed1 v\u00e0 v\u1eadn chuy\u1ec3n chuy\u00ean nghi\u1ec7p.<\/li><li>K\u1ef9 n\u0103ng x\u1eed l\u00fd c\u00e1c t\u00ecnh hu\u1ed1ng b\u1ea5t ng\u1edd, \u0111\u1ea3m b\u1ea3o d\u1ef1 \u00e1n lu\u00f4n \u0111\u00fang ti\u1ebfn \u0111\u1ed9.<\/li><\/ul><\/li><li><p><strong>Thi\u1ebft b\u1ecb h\u1ed7 tr\u1ee3 hi\u1ec7n \u0111\u1ea1i<\/strong><\/p><ul><li>H\u1ec7 th\u1ed1ng xe n\u00e2ng, c\u1ea9u, v\u00e0 c\u00e1c thi\u1ebft b\u1ecb chuy\u00ean d\u1ee5ng h\u1ed7 tr\u1ee3 v\u1eadn chuy\u1ec3n c\u00e1c m\u1eb7t h\u00e0ng l\u1edbn, n\u1eb7ng v\u00e0 d\u1ec5 h\u01b0 h\u1ecfng.<\/li><li>C\u00f4ng ngh\u1ec7 gi\u00e1m s\u00e1t v\u1eadn chuy\u1ec3n hi\u1ec7n \u0111\u1ea1i, cho ph\u00e9p theo d\u00f5i h\u00e0nh tr\u00ecnh h\u00e0ng h\u00f3a theo th\u1eddi gian th\u1ef1c.<\/li><\/ul><\/li><li><p><strong>D\u1ecbch v\u1ee5 logistics tr\u1ecdn g\u00f3i<\/strong><br \/>LUCYCO cung c\u1ea5p gi\u1ea3i ph\u00e1p logistics t\u1eeb \u0111\u1ea7u \u0111\u1ebfn cu\u1ed1i, bao g\u1ed3m:<\/p><ul><li>Khai b\u00e1o h\u1ea3i quan.<\/li><li>B\u1ea3o hi\u1ec3m h\u00e0ng h\u00f3a.<\/li><li>D\u1ecbch v\u1ee5 l\u01b0u kho v\u00e0 ph\u00e2n ph\u1ed1i n\u1ebfu c\u1ea7n.<\/li><\/ul><\/li><li><p><strong>Gi\u00e1 c\u1ea3 c\u1ea1nh tranh, minh b\u1ea1ch<\/strong><br \/>Cam k\u1ebft cung c\u1ea5p d\u1ecbch v\u1ee5 v\u1edbi m\u1ee9c chi ph\u00ed h\u1ee3p l\u00fd, kh\u00f4ng ph\u00e1t sinh th\u00eam c\u00e1c kho\u1ea3n ph\u00ed kh\u00f4ng r\u00f5 r\u00e0ng.<\/p><\/li><\/ol>\t\t\t\t\t\t<\/div>\n\t\t\t\t<\/div>\n\t\t\t\t\t<\/div>\n\t\t<\/div>\n\t\t\t\t<div class=\"elementor-column elementor-col-50 elementor-top-column elementor-element elementor-element-bd5f415\" data-id=\"bd5f415\" data-element_type=\"column\">\n\t\t\t<div class=\"elementor-widget-wrap elementor-element-populated\">\n\t\t\t\t\t\t\t\t<div class=\"elementor-element elementor-element-6325885 elementor-widget elementor-widget-image\" data-id=\"6325885\" data-element_type=\"widget\" data-widget_type=\"image.default\">\n\t\t\t\t<div class=\"elementor-widget-container\">\n\t\t\t\t\t\t\t\t\t\t\t\t\t\t\t<img loading=\"lazy\" decoding=\"async\" width=\"800\" height=\"529\" src=\"https:\/\/lucycovn.com\/wp-content\/uploads\/2024\/11\/van-chuyen-hang-du-an.jpg\" class=\"attachment-large size-large\" alt=\"\" srcset=\"https:\/\/lucycovn.com\/wp-content\/uploads\/2024\/11\/van-chuyen-hang-du-an.jpg 800w, https:\/\/lucycovn.com\/wp-content\/uploads\/2024\/11\/van-chuyen-hang-du-an-300x198.jpg 300w, https:\/\/lucycovn.com\/wp-content\/uploads\/2024\/11\/van-chuyen-hang-du-an-768x508.jpg 768w\" sizes=\"(max-width: 800px) 100vw, 800px\" \/>\t\t\t\t\t\t\t\t\t\t\t\t\t\t\t<\/div>\n\t\t\t\t<\/div>\n\t\t\t\t<div class=\"elementor-element elementor-element-1f20198 elementor-widget elementor-widget-image\" data-id=\"1f20198\" data-element_type=\"widget\" data-widget_type=\"image.default\">\n\t\t\t\t<div class=\"elementor-widget-container\">\n\t\t\t\t\t\t\t\t\t\t\t\t\t\t\t<img loading=\"lazy\" decoding=\"async\" width=\"923\" height=\"600\" src=\"https:\/\/lucycovn.com\/wp-content\/uploads\/2024\/11\/hang-du-an.jpg\" class=\"attachment-large size-large\" alt=\"\" srcset=\"https:\/\/lucycovn.com\/wp-content\/uploads\/2024\/11\/hang-du-an.jpg 923w, https:\/\/lucycovn.com\/wp-content\/uploads\/2024\/11\/hang-du-an-300x195.jpg 300w, https:\/\/lucycovn.com\/wp-content\/uploads\/2024\/11\/hang-du-an-768x499.jpg 768w\" sizes=\"(max-width: 923px) 100vw, 923px\" \/>\t\t\t\t\t\t\t\t\t\t\t\t\t\t\t<\/div>\n\t\t\t\t<\/div>\n\t\t\t\t\t<\/div>\n\t\t<\/div>\n\t\t\t\t\t\t\t<\/div>\n\t\t<\/section>\n\t\t\t\t\t\t<\/div>\n\t\t\t\t\t<\/div>\n\t\t","protected":false},"excerpt":{"rendered":"<p>D\u1ecbch v\u1ee5 v\u1eadn chuy\u1ec3n H\u00e0ng D\u1ef1 \u00c1n Chuy\u00ean nghi\u1ec7p c\u1ee7a C\u00f4ng ty TNHH Th\u01b0\u01a1ng m\u1ea1i v\u00e0 V\u1eadn chuy\u1ec3n LUCYCO C\u00f4ng ty TNHH Th\u01b0\u01a1ng m\u1ea1i v\u00e0 V\u1eadn chuy\u1ec3n LUCYCO, v\u1edbi tr\u1ee5 s\u1edf t\u1ea1i H\u1ea3i Ph\u00f2ng, l\u00e0 \u0111\u1ed1i t\u00e1c tin c\u1eady trong vi\u1ec7c cung c\u1ea5p c\u00e1c gi\u1ea3i ph\u00e1p logistics to\u00e0n di\u1ec7n, \u0111\u1eb7c bi\u1ec7t l\u00e0 d\u1ecbch v\u1ee5 v\u1eadn &hellip;<\/p>\n<p class=\"read-more\"> <a class=\"\" href=\"https:\/\/lucycovn.com\/index.php\/dich-vu-van-chuyen-hang-du-an\/\"> <span class=\"screen-reader-text\">D\u1ecbch v\u1ee5 v\u1eadn chuy\u1ec3n h\u00e0ng d\u1ef1 \u00e1n<\/span> Read More &raquo;<\/a><\/p>\n","protected":false},"author":1,"featured_media":0,"parent":0,"menu_order":0,"comment_status":"closed","ping_status":"closed","template":"","meta":{"site-sidebar-layout":"no-sidebar","site-content-layout":"page-builder","ast-main-header-display":"","ast-hfb-above-header-display":"","ast-hfb-below-header-display":"","ast-hfb-mobile-header-display":"","site-post-title":"disabled","ast-breadcrumbs-content":"","ast-featured-img":"disabled","footer-sml-layout":"","theme-transparent-header-meta":"","adv-header-id-meta":"","stick-header-meta":"","header-above-stick-meta":"","header-main-stick-meta":"","header-below-stick-meta":"","footnotes":""},"class_list":["post-1689","page","type-page","status-publish","hentry"],"_links":{"self":[{"href":"https:\/\/lucycovn.com\/index.php\/wp-json\/wp\/v2\/pages\/1689"}],"collection":[{"href":"https:\/\/lucycovn.com\/index.php\/wp-json\/wp\/v2\/pages"}],"about":[{"href":"https:\/\/lucycovn.com\/index.php\/wp-json\/wp\/v2\/types\/page"}],"author":[{"embeddable":true,"href":"https:\/\/lucycovn.com\/index.php\/wp-json\/wp\/v2\/users\/1"}],"replies":[{"embeddable":true,"href":"https:\/\/lucycovn.com\/index.php\/wp-json\/wp\/v2\/comments?post=1689"}],"version-history":[{"count":8,"href":"https:\/\/lucycovn.com\/index.php\/wp-json\/wp\/v2\/pages\/1689\/revisions"}],"predecessor-version":[{"id":1700,"href":"https:\/\/lucycovn.com\/index.php\/wp-json\/wp\/v2\/pages\/1689\/revisions\/1700"}],"wp:attachment":[{"href":"https:\/\/lucycovn.com\/index.php\/wp-json\/wp\/v2\/media?parent=1689"}],"curies":[{"name":"wp","href":"https:\/\/api.w.org\/{rel}","templated":true}]}}