{"id":1701,"date":"2024-11-28T08:27:49","date_gmt":"2024-11-28T08:27:49","guid":{"rendered":"https:\/\/lucycovn.com\/?page_id=1701"},"modified":"2024-11-28T08:33:48","modified_gmt":"2024-11-28T08:33:48","slug":"dich-vu-van-chuyen-hang-nguy-hiem","status":"publish","type":"page","link":"https:\/\/lucycovn.com\/index.php\/dich-vu-van-chuyen-hang-nguy-hiem\/","title":{"rendered":"D\u1ecbch v\u1ee5 v\u1eadn chuy\u1ec3n h\u00e0ng nguy hi\u1ec3m"},"content":{"rendered":"\t\t<div data-elementor-type=\"wp-page\" data-elementor-id=\"1701\" class=\"elementor elementor-1701\" data-elementor-settings=\"[]\">\n\t\t\t\t\t\t\t<div class=\"elementor-section-wrap\">\n\t\t\t\t\t\t\t<section class=\"elementor-section elementor-top-section elementor-element elementor-element-2b45530 elementor-section-boxed elementor-section-height-default elementor-section-height-default\" data-id=\"2b45530\" data-element_type=\"section\">\n\t\t\t\t\t\t<div class=\"elementor-container elementor-column-gap-default\">\n\t\t\t\t\t<div class=\"elementor-column elementor-col-100 elementor-top-column elementor-element elementor-element-d832b27\" data-id=\"d832b27\" data-element_type=\"column\">\n\t\t\t<div class=\"elementor-widget-wrap elementor-element-populated\">\n\t\t\t\t\t\t\t\t<div class=\"elementor-element elementor-element-ca6afe1 elementor-widget elementor-widget-heading\" data-id=\"ca6afe1\" data-element_type=\"widget\" data-widget_type=\"heading.default\">\n\t\t\t\t<div class=\"elementor-widget-container\">\n\t\t\t<h2 class=\"elementor-heading-title elementor-size-default\">D\u1ecbch v\u1ee5 v\u1eadn chuy\u1ec3n h\u00e0ng nguy hi\u1ec3m<\/h2>\t\t<\/div>\n\t\t\t\t<\/div>\n\t\t\t\t\t<\/div>\n\t\t<\/div>\n\t\t\t\t\t\t\t<\/div>\n\t\t<\/section>\n\t\t\t\t<section class=\"elementor-section elementor-top-section elementor-element elementor-element-6f4781a elementor-section-boxed elementor-section-height-default elementor-section-height-default\" data-id=\"6f4781a\" data-element_type=\"section\">\n\t\t\t\t\t\t<div class=\"elementor-container elementor-column-gap-default\">\n\t\t\t\t\t<div class=\"elementor-column elementor-col-100 elementor-top-column elementor-element elementor-element-340d29e\" data-id=\"340d29e\" data-element_type=\"column\">\n\t\t\t<div class=\"elementor-widget-wrap\">\n\t\t\t\t\t\t\t\t\t<\/div>\n\t\t<\/div>\n\t\t\t\t\t\t\t<\/div>\n\t\t<\/section>\n\t\t\t\t<section class=\"elementor-section elementor-top-section elementor-element elementor-element-4c67d61 elementor-section-boxed elementor-section-height-default elementor-section-height-default\" data-id=\"4c67d61\" data-element_type=\"section\">\n\t\t\t\t\t\t<div class=\"elementor-container elementor-column-gap-default\">\n\t\t\t\t\t<div class=\"elementor-column elementor-col-100 elementor-top-column elementor-element elementor-element-aa1e589\" data-id=\"aa1e589\" data-element_type=\"column\">\n\t\t\t<div class=\"elementor-widget-wrap elementor-element-populated\">\n\t\t\t\t\t\t\t\t<section class=\"elementor-section elementor-inner-section elementor-element elementor-element-eda836e elementor-section-boxed elementor-section-height-default elementor-section-height-default\" data-id=\"eda836e\" data-element_type=\"section\">\n\t\t\t\t\t\t<div class=\"elementor-container elementor-column-gap-default\">\n\t\t\t\t\t<div class=\"elementor-column elementor-col-50 elementor-inner-column elementor-element elementor-element-92df880\" data-id=\"92df880\" data-element_type=\"column\">\n\t\t\t<div class=\"elementor-widget-wrap elementor-element-populated\">\n\t\t\t\t\t\t\t\t<div class=\"elementor-element elementor-element-d025389 elementor-widget elementor-widget-text-editor\" data-id=\"d025389\" data-element_type=\"widget\" data-widget_type=\"text-editor.default\">\n\t\t\t\t<div class=\"elementor-widget-container\">\n\t\t\t\t\t\t\t<h3><strong>1. Ph\u00e2n lo\u1ea1i h\u00e0ng nguy hi\u1ec3m<\/strong><\/h3><p>H\u00e0ng nguy hi\u1ec3m \u0111\u01b0\u1ee3c chia th\u00e0nh 9 nh\u00f3m ch\u00ednh, d\u1ef1a tr\u00ean t\u00ednh ch\u1ea5t h\u00f3a h\u1ecdc v\u00e0 m\u1ee9c \u0111\u1ed9 nguy hi\u1ec3m:<\/p><ol><li><strong>Ch\u1ea5t n\u1ed5:<\/strong> Ph\u00e1o hoa, thu\u1ed1c n\u1ed5 c\u00f4ng nghi\u1ec7p.<\/li><li><strong>Kh\u00ed:<\/strong> Kh\u00ed n\u00e9n, kh\u00ed h\u00f3a l\u1ecfng (oxi, propane).<\/li><li><strong>Ch\u1ea5t l\u1ecfng d\u1ec5 ch\u00e1y:<\/strong> X\u0103ng, d\u1ea7u, s\u01a1n.<\/li><li><strong>Ch\u1ea5t r\u1eafn d\u1ec5 ch\u00e1y:<\/strong> Di\u00eam, than c\u1ee7i, magi\u00ea.<\/li><li><strong>Ch\u1ea5t oxy h\u00f3a v\u00e0 ch\u1ea5t h\u1eefu c\u01a1 peroxide:<\/strong> Ch\u1ea5t t\u1ea9y r\u1eeda, thu\u1ed1c t\u1ea9y.<\/li><li><strong>Ch\u1ea5t \u0111\u1ed9c v\u00e0 l\u00e2y nhi\u1ec5m:<\/strong> Thu\u1ed1c tr\u1eeb s\u00e2u, vi khu\u1ea9n.<\/li><li><strong>Ch\u1ea5t ph\u00f3ng x\u1ea1:<\/strong> \u0110\u1ed3ng v\u1ecb ph\u00f3ng x\u1ea1 trong y t\u1ebf.<\/li><li><strong>Ch\u1ea5t \u0103n m\u00f2n:<\/strong> Axit, ki\u1ec1m.<\/li><li><strong>H\u00e0ng nguy hi\u1ec3m kh\u00e1c:<\/strong> Pin lithium, nam ch\u00e2m m\u1ea1nh.<\/li><\/ol>\t\t\t\t\t\t<\/div>\n\t\t\t\t<\/div>\n\t\t\t\t\t<\/div>\n\t\t<\/div>\n\t\t\t\t<div class=\"elementor-column elementor-col-50 elementor-inner-column elementor-element elementor-element-3cc005d\" data-id=\"3cc005d\" data-element_type=\"column\">\n\t\t\t<div class=\"elementor-widget-wrap elementor-element-populated\">\n\t\t\t\t\t\t\t\t<div class=\"elementor-element elementor-element-2074c16 elementor-widget elementor-widget-image\" data-id=\"2074c16\" data-element_type=\"widget\" data-widget_type=\"image.default\">\n\t\t\t\t<div class=\"elementor-widget-container\">\n\t\t\t\t\t\t\t\t\t\t\t\t\t\t\t<img loading=\"lazy\" decoding=\"async\" width=\"800\" height=\"480\" src=\"https:\/\/lucycovn.com\/wp-content\/uploads\/2024\/11\/Hang-hoa-nguy-hiem.jpg\" class=\"attachment-large size-large\" alt=\"\" srcset=\"https:\/\/lucycovn.com\/wp-content\/uploads\/2024\/11\/Hang-hoa-nguy-hiem.jpg 800w, https:\/\/lucycovn.com\/wp-content\/uploads\/2024\/11\/Hang-hoa-nguy-hiem-300x180.jpg 300w, https:\/\/lucycovn.com\/wp-content\/uploads\/2024\/11\/Hang-hoa-nguy-hiem-768x461.jpg 768w\" sizes=\"(max-width: 800px) 100vw, 800px\" \/>\t\t\t\t\t\t\t\t\t\t\t\t\t\t\t<\/div>\n\t\t\t\t<\/div>\n\t\t\t\t\t<\/div>\n\t\t<\/div>\n\t\t\t\t\t\t\t<\/div>\n\t\t<\/section>\n\t\t\t\t\t<\/div>\n\t\t<\/div>\n\t\t\t\t\t\t\t<\/div>\n\t\t<\/section>\n\t\t\t\t<section class=\"elementor-section elementor-top-section elementor-element elementor-element-b6b7df9 elementor-section-boxed elementor-section-height-default elementor-section-height-default\" data-id=\"b6b7df9\" data-element_type=\"section\">\n\t\t\t\t\t\t<div class=\"elementor-container elementor-column-gap-default\">\n\t\t\t\t\t<div class=\"elementor-column elementor-col-50 elementor-top-column elementor-element elementor-element-2ba68ad\" data-id=\"2ba68ad\" data-element_type=\"column\">\n\t\t\t<div class=\"elementor-widget-wrap elementor-element-populated\">\n\t\t\t\t\t\t\t\t<div class=\"elementor-element elementor-element-85893dc elementor-widget elementor-widget-image\" data-id=\"85893dc\" data-element_type=\"widget\" data-widget_type=\"image.default\">\n\t\t\t\t<div class=\"elementor-widget-container\">\n\t\t\t\t\t\t\t\t\t\t\t\t\t\t\t<img loading=\"lazy\" decoding=\"async\" width=\"792\" height=\"396\" src=\"https:\/\/lucycovn.com\/wp-content\/uploads\/2024\/11\/quy-dinh-hang-hoa-nguy-hiem.jpg\" class=\"attachment-large size-large\" alt=\"\" srcset=\"https:\/\/lucycovn.com\/wp-content\/uploads\/2024\/11\/quy-dinh-hang-hoa-nguy-hiem.jpg 792w, https:\/\/lucycovn.com\/wp-content\/uploads\/2024\/11\/quy-dinh-hang-hoa-nguy-hiem-300x150.jpg 300w, https:\/\/lucycovn.com\/wp-content\/uploads\/2024\/11\/quy-dinh-hang-hoa-nguy-hiem-768x384.jpg 768w\" sizes=\"(max-width: 792px) 100vw, 792px\" \/>\t\t\t\t\t\t\t\t\t\t\t\t\t\t\t<\/div>\n\t\t\t\t<\/div>\n\t\t\t\t<div class=\"elementor-element elementor-element-7286397 elementor-widget elementor-widget-image\" data-id=\"7286397\" data-element_type=\"widget\" data-widget_type=\"image.default\">\n\t\t\t\t<div class=\"elementor-widget-container\">\n\t\t\t\t\t\t\t\t\t\t\t\t\t\t\t<img loading=\"lazy\" decoding=\"async\" width=\"538\" height=\"359\" src=\"https:\/\/lucycovn.com\/wp-content\/uploads\/2024\/11\/xe-cho-hoa-chat-20240405132129.jpg\" class=\"attachment-large size-large\" alt=\"\" srcset=\"https:\/\/lucycovn.com\/wp-content\/uploads\/2024\/11\/xe-cho-hoa-chat-20240405132129.jpg 538w, https:\/\/lucycovn.com\/wp-content\/uploads\/2024\/11\/xe-cho-hoa-chat-20240405132129-300x200.jpg 300w\" sizes=\"(max-width: 538px) 100vw, 538px\" \/>\t\t\t\t\t\t\t\t\t\t\t\t\t\t\t<\/div>\n\t\t\t\t<\/div>\n\t\t\t\t\t<\/div>\n\t\t<\/div>\n\t\t\t\t<div class=\"elementor-column elementor-col-50 elementor-top-column elementor-element elementor-element-df908fb\" data-id=\"df908fb\" data-element_type=\"column\">\n\t\t\t<div class=\"elementor-widget-wrap elementor-element-populated\">\n\t\t\t\t\t\t\t\t<div class=\"elementor-element elementor-element-b0c130c elementor-widget elementor-widget-text-editor\" data-id=\"b0c130c\" data-element_type=\"widget\" data-widget_type=\"text-editor.default\">\n\t\t\t\t<div class=\"elementor-widget-container\">\n\t\t\t\t\t\t\t<h3><strong>2. Quy tr\u00ecnh v\u1eadn chuy\u1ec3n h\u00e0ng nguy hi\u1ec3m<\/strong><\/h3><h4><strong>a. \u0110\u00f3ng g\u00f3i v\u00e0 d\u00e1n nh\u00e3n<\/strong><\/h4><ul><li><strong>\u0110\u00f3ng g\u00f3i chuy\u00ean d\u1ee5ng:<\/strong> H\u00e0ng h\u00f3a nguy hi\u1ec3m c\u1ea7n \u0111\u01b0\u1ee3c \u0111\u00f3ng g\u00f3i b\u1eb1ng v\u1eadt li\u1ec7u \u0111\u1eb7c bi\u1ec7t, \u0111\u1ea3m b\u1ea3o ch\u1ed1ng va \u0111\u1eadp, r\u00f2 r\u1ec9 ho\u1eb7c ch\u00e1y n\u1ed5.<\/li><li><strong>Nh\u00e3n hi\u1ec7u c\u1ea3nh b\u00e1o:<\/strong> S\u1eed d\u1ee5ng nh\u00e3n d\u00e1n quy \u0111\u1ecbnh b\u1edfi T\u1ed5 ch\u1ee9c H\u00e0ng kh\u00f4ng D\u00e2n d\u1ee5ng Qu\u1ed1c t\u1ebf (ICAO) ho\u1eb7c T\u1ed5 ch\u1ee9c H\u00e0ng h\u1ea3i Qu\u1ed1c t\u1ebf (IMO).<\/li><\/ul><h4><strong>b. L\u1eadp t\u00e0i li\u1ec7u v\u1eadn chuy\u1ec3n<\/strong><\/h4><ul><li><strong>T\u00e0i li\u1ec7u an to\u00e0n (MSDS):<\/strong> Cung c\u1ea5p th\u00f4ng tin chi ti\u1ebft v\u1ec1 t\u00ednh ch\u1ea5t nguy hi\u1ec3m, c\u00e1ch x\u1eed l\u00fd v\u00e0 bi\u1ec7n ph\u00e1p \u1ee9ng ph\u00f3 khi x\u1ea3y ra s\u1ef1 c\u1ed1.<\/li><li><strong>T\u1edd khai h\u00e0ng nguy hi\u1ec3m:<\/strong> \u0110\u1ea3m b\u1ea3o tu\u00e2n th\u1ee7 quy \u0111\u1ecbnh ph\u00e1p lu\u1eadt v\u00e0 y\u00eau c\u1ea7u t\u1eeb c\u01a1 quan ch\u1ee9c n\u0103ng.<\/li><\/ul><h4><strong>c. L\u1ef1a ch\u1ecdn ph\u01b0\u01a1ng ti\u1ec7n v\u1eadn chuy\u1ec3n<\/strong><\/h4><ul><li><strong>\u0110\u01b0\u1eddng b\u1ed9:<\/strong> Xe chuy\u00ean d\u1ee5ng v\u1edbi thi\u1ebft b\u1ecb ch\u1ed1ng ch\u00e1y, ki\u1ec3m so\u00e1t nhi\u1ec7t \u0111\u1ed9 v\u00e0 \u0111\u1ed9 \u1ea9m.<\/li><li><strong>\u0110\u01b0\u1eddng bi\u1ec3n:<\/strong> S\u1eed d\u1ee5ng container \u0111\u1ea1t chu\u1ea9n IMDG Code.<\/li><li><strong>\u0110\u01b0\u1eddng h\u00e0ng kh\u00f4ng:<\/strong> Tu\u00e2n th\u1ee7 nghi\u00eam ng\u1eb7t quy \u0111\u1ecbnh IATA v\u1ec1 v\u1eadn chuy\u1ec3n h\u00e0ng nguy hi\u1ec3m.<\/li><\/ul><h4><strong>d. Ki\u1ec3m so\u00e1t an to\u00e0n<\/strong><\/h4><ul><li><strong>\u0110\u00e0o t\u1ea1o nh\u00e2n vi\u00ean:<\/strong> \u0110\u1ed9i ng\u0169 ch\u1ecbu tr\u00e1ch nhi\u1ec7m v\u1eadn chuy\u1ec3n ph\u1ea3i \u0111\u01b0\u1ee3c \u0111\u00e0o t\u1ea1o v\u1ec1 x\u1eed l\u00fd h\u00e0ng nguy hi\u1ec3m.<\/li><li><strong>Gi\u00e1m s\u00e1t v\u00e0 b\u1ea3o m\u1eadt:<\/strong> H\u00e0ng h\u00f3a \u0111\u01b0\u1ee3c theo d\u00f5i li\u00ean t\u1ee5c trong su\u1ed1t h\u00e0nh tr\u00ecnh \u0111\u1ec3 \u0111\u1ea3m b\u1ea3o an to\u00e0n.<\/li><\/ul>\t\t\t\t\t\t<\/div>\n\t\t\t\t<\/div>\n\t\t\t\t\t<\/div>\n\t\t<\/div>\n\t\t\t\t\t\t\t<\/div>\n\t\t<\/section>\n\t\t\t\t<section class=\"elementor-section elementor-top-section elementor-element elementor-element-156f61a elementor-section-boxed elementor-section-height-default elementor-section-height-default\" data-id=\"156f61a\" data-element_type=\"section\">\n\t\t\t\t\t\t<div class=\"elementor-container elementor-column-gap-default\">\n\t\t\t\t\t<div class=\"elementor-column elementor-col-100 elementor-top-column elementor-element elementor-element-57034e2\" data-id=\"57034e2\" data-element_type=\"column\">\n\t\t\t<div class=\"elementor-widget-wrap elementor-element-populated\">\n\t\t\t\t\t\t\t\t<div class=\"elementor-element elementor-element-a7f946d elementor-widget elementor-widget-text-editor\" data-id=\"a7f946d\" data-element_type=\"widget\" data-widget_type=\"text-editor.default\">\n\t\t\t\t<div class=\"elementor-widget-container\">\n\t\t\t\t\t\t\t<h3><strong>3. Y\u00eau c\u1ea7u ph\u00e1p l\u00fd v\u00e0 ti\u00eau chu\u1ea9n qu\u1ed1c t\u1ebf<\/strong><\/h3><p>D\u1ecbch v\u1ee5 v\u1eadn chuy\u1ec3n h\u00e0ng nguy hi\u1ec3m ph\u1ea3i tu\u00e2n th\u1ee7 c\u00e1c quy \u0111\u1ecbnh nghi\u00eam ng\u1eb7t:<\/p><ul><li><strong>Qu\u1ed1c t\u1ebf:<\/strong><ul><li>IMDG Code (v\u1eadn chuy\u1ec3n \u0111\u01b0\u1eddng bi\u1ec3n).<\/li><li>IATA DGR (v\u1eadn chuy\u1ec3n h\u00e0ng kh\u00f4ng).<\/li><li>ADR (v\u1eadn chuy\u1ec3n \u0111\u01b0\u1eddng b\u1ed9 t\u1ea1i ch\u00e2u \u00c2u).<\/li><\/ul><\/li><li><strong>Vi\u1ec7t Nam:<\/strong><ul><li>Quy \u0111\u1ecbnh c\u1ee7a B\u1ed9 Giao th\u00f4ng V\u1eadn t\u1ea3i v\u00e0 c\u00e1c c\u01a1 quan ch\u1ee9c n\u0103ng li\u00ean quan.<\/li><\/ul><\/li><\/ul>\t\t\t\t\t\t<\/div>\n\t\t\t\t<\/div>\n\t\t\t\t<div class=\"elementor-element elementor-element-cea666f elementor-widget elementor-widget-text-editor\" data-id=\"cea666f\" data-element_type=\"widget\" data-widget_type=\"text-editor.default\">\n\t\t\t\t<div class=\"elementor-widget-container\">\n\t\t\t\t\t\t\t<h3><strong>4. \u0110\u1eb7c \u0111i\u1ec3m n\u1ed5i b\u1eadt c\u1ee7a d\u1ecbch v\u1ee5 v\u1eadn chuy\u1ec3n h\u00e0ng nguy hi\u1ec3m t\u1ea1i LUCYCO<\/strong><\/h3><ol><li><p><strong>An to\u00e0n l\u00e0 \u01b0u ti\u00ean h\u00e0ng \u0111\u1ea7u:<\/strong><br \/>LUCYCO s\u1eed d\u1ee5ng c\u00e1c ph\u01b0\u01a1ng ti\u1ec7n, trang thi\u1ebft b\u1ecb chuy\u00ean d\u1ee5ng v\u00e0 quy tr\u00ecnh ki\u1ec3m tra ch\u1eb7t ch\u1ebd \u0111\u1ec3 \u0111\u1ea3m b\u1ea3o an to\u00e0n tuy\u1ec7t \u0111\u1ed1i cho h\u00e0ng h\u00f3a.<\/p><\/li><li><p><strong>\u0110\u1ed9i ng\u0169 chuy\u00ean gia gi\u00e0u kinh nghi\u1ec7m:<\/strong><br \/>Nh\u00e2n vi\u00ean \u0111\u01b0\u1ee3c \u0111\u00e0o t\u1ea1o b\u00e0i b\u1ea3n v\u1ec1 x\u1eed l\u00fd, v\u1eadn chuy\u1ec3n v\u00e0 \u1ee9ng ph\u00f3 c\u00e1c s\u1ef1 c\u1ed1 li\u00ean quan \u0111\u1ebfn h\u00e0ng nguy hi\u1ec3m.<\/p><\/li><li><p><strong>D\u1ecbch v\u1ee5 tr\u1ecdn g\u00f3i:<\/strong><\/p><ul><li>T\u01b0 v\u1ea5n v\u1ec1 ph\u00e2n lo\u1ea1i v\u00e0 quy c\u00e1ch \u0111\u00f3ng g\u00f3i.<\/li><li>H\u1ed7 tr\u1ee3 khai b\u00e1o h\u1ea3i quan v\u00e0 ho\u00e0n thi\u1ec7n t\u00e0i li\u1ec7u ph\u00e1p l\u00fd.<\/li><li>Gi\u00e1m s\u00e1t to\u00e0n b\u1ed9 qu\u00e1 tr\u00ecnh v\u1eadn chuy\u1ec3n t\u1eeb kho \u0111\u1ebfn \u0111i\u1ec3m nh\u1eadn h\u00e0ng.<\/li><\/ul><\/li><li><p><strong>T\u1ed1i \u01b0u h\u00f3a chi ph\u00ed:<\/strong><br \/>LUCYCO cung c\u1ea5p gi\u1ea3i ph\u00e1p v\u1eadn chuy\u1ec3n an to\u00e0n nh\u01b0ng v\u1eabn ti\u1ebft ki\u1ec7m chi ph\u00ed cho kh\u00e1ch h\u00e0ng.<\/p><\/li><li><p><strong>\u1ee8ng ph\u00f3 s\u1ef1 c\u1ed1:<\/strong><br \/>Lu\u00f4n c\u00f3 k\u1ebf ho\u1ea1ch d\u1ef1 ph\u00f2ng v\u00e0 \u0111\u1ed9i ng\u0169 s\u1eb5n s\u00e0ng \u1ee9ng ph\u00f3 khi x\u1ea3y ra s\u1ef1 c\u1ed1 ngo\u00e0i \u00fd mu\u1ed1n.<\/p><\/li><\/ol>\t\t\t\t\t\t<\/div>\n\t\t\t\t<\/div>\n\t\t\t\t\t<\/div>\n\t\t<\/div>\n\t\t\t\t\t\t\t<\/div>\n\t\t<\/section>\n\t\t\t\t\t\t<\/div>\n\t\t\t\t\t<\/div>\n\t\t","protected":false},"excerpt":{"rendered":"<p>D\u1ecbch v\u1ee5 v\u1eadn chuy\u1ec3n h\u00e0ng nguy hi\u1ec3m 1. Ph\u00e2n lo\u1ea1i h\u00e0ng nguy hi\u1ec3m H\u00e0ng nguy hi\u1ec3m \u0111\u01b0\u1ee3c chia th\u00e0nh 9 nh\u00f3m ch\u00ednh, d\u1ef1a tr\u00ean t\u00ednh ch\u1ea5t h\u00f3a h\u1ecdc v\u00e0 m\u1ee9c \u0111\u1ed9 nguy hi\u1ec3m: Ch\u1ea5t n\u1ed5: Ph\u00e1o hoa, thu\u1ed1c n\u1ed5 c\u00f4ng nghi\u1ec7p. Kh\u00ed: Kh\u00ed n\u00e9n, kh\u00ed h\u00f3a l\u1ecfng (oxi, propane). Ch\u1ea5t l\u1ecfng d\u1ec5 ch\u00e1y: X\u0103ng, d\u1ea7u, &hellip;<\/p>\n<p class=\"read-more\"> <a class=\"\" href=\"https:\/\/lucycovn.com\/index.php\/dich-vu-van-chuyen-hang-nguy-hiem\/\"> <span class=\"screen-reader-text\">D\u1ecbch v\u1ee5 v\u1eadn chuy\u1ec3n h\u00e0ng nguy hi\u1ec3m<\/span> Read More &raquo;<\/a><\/p>\n","protected":false},"author":1,"featured_media":0,"parent":0,"menu_order":0,"comment_status":"closed","ping_status":"closed","template":"","meta":{"site-sidebar-layout":"no-sidebar","site-content-layout":"page-builder","ast-main-header-display":"","ast-hfb-above-header-display":"","ast-hfb-below-header-display":"","ast-hfb-mobile-header-display":"","site-post-title":"disabled","ast-breadcrumbs-content":"","ast-featured-img":"disabled","footer-sml-layout":"","theme-transparent-header-meta":"","adv-header-id-meta":"","stick-header-meta":"","header-above-stick-meta":"","header-main-stick-meta":"","header-below-stick-meta":"","footnotes":""},"class_list":["post-1701","page","type-page","status-publish","hentry"],"_links":{"self":[{"href":"https:\/\/lucycovn.com\/index.php\/wp-json\/wp\/v2\/pages\/1701"}],"collection":[{"href":"https:\/\/lucycovn.com\/index.php\/wp-json\/wp\/v2\/pages"}],"about":[{"href":"https:\/\/lucycovn.com\/index.php\/wp-json\/wp\/v2\/types\/page"}],"author":[{"embeddable":true,"href":"https:\/\/lucycovn.com\/index.php\/wp-json\/wp\/v2\/users\/1"}],"replies":[{"embeddable":true,"href":"https:\/\/lucycovn.com\/index.php\/wp-json\/wp\/v2\/comments?post=1701"}],"version-history":[{"count":10,"href":"https:\/\/lucycovn.com\/index.php\/wp-json\/wp\/v2\/pages\/1701\/revisions"}],"predecessor-version":[{"id":1715,"href":"https:\/\/lucycovn.com\/index.php\/wp-json\/wp\/v2\/pages\/1701\/revisions\/1715"}],"wp:attachment":[{"href":"https:\/\/lucycovn.com\/index.php\/wp-json\/wp\/v2\/media?parent=1701"}],"curies":[{"name":"wp","href":"https:\/\/api.w.org\/{rel}","templated":true}]}}