{"id":1933,"date":"2024-11-29T06:58:26","date_gmt":"2024-11-29T06:58:26","guid":{"rendered":"https:\/\/lucycovn.com\/?page_id=1933"},"modified":"2024-11-29T07:04:08","modified_gmt":"2024-11-29T07:04:08","slug":"dich-vu-cho-thue-tau","status":"publish","type":"page","link":"https:\/\/lucycovn.com\/index.php\/dich-vu-cho-thue-tau\/","title":{"rendered":"D\u1ecbch v\u1ee5 cho thu\u00ea t\u00e0u"},"content":{"rendered":"\t\t<div data-elementor-type=\"wp-page\" data-elementor-id=\"1933\" class=\"elementor elementor-1933\" data-elementor-settings=\"[]\">\n\t\t\t\t\t\t\t<div class=\"elementor-section-wrap\">\n\t\t\t\t\t\t\t<section class=\"elementor-section elementor-top-section elementor-element elementor-element-f3d2f25 elementor-section-boxed elementor-section-height-default elementor-section-height-default\" data-id=\"f3d2f25\" data-element_type=\"section\">\n\t\t\t\t\t\t<div class=\"elementor-container elementor-column-gap-default\">\n\t\t\t\t\t<div class=\"elementor-column elementor-col-100 elementor-top-column elementor-element elementor-element-ffd3b67\" data-id=\"ffd3b67\" data-element_type=\"column\">\n\t\t\t<div class=\"elementor-widget-wrap elementor-element-populated\">\n\t\t\t\t\t\t\t\t<div class=\"elementor-element elementor-element-bdd9eaf elementor-widget elementor-widget-heading\" data-id=\"bdd9eaf\" data-element_type=\"widget\" data-widget_type=\"heading.default\">\n\t\t\t\t<div class=\"elementor-widget-container\">\n\t\t\t<h3 class=\"elementor-heading-title elementor-size-default\">D\u1ecaCH V\u1ee4 CHO THU\u00ca T\u00c0U C\u1ee6A C\u00d4NG TY TNHH TH\u01af\u01a0NG M\u1ea0I V\u00c0 V\u1eacN CHUY\u1ec2N LUCYCO<\/h3>\t\t<\/div>\n\t\t\t\t<\/div>\n\t\t\t\t\t<\/div>\n\t\t<\/div>\n\t\t\t\t\t\t\t<\/div>\n\t\t<\/section>\n\t\t\t\t<section class=\"elementor-section elementor-top-section elementor-element elementor-element-74c55a1 elementor-section-boxed elementor-section-height-default elementor-section-height-default\" data-id=\"74c55a1\" data-element_type=\"section\">\n\t\t\t\t\t\t<div class=\"elementor-container elementor-column-gap-default\">\n\t\t\t\t\t<div class=\"elementor-column elementor-col-100 elementor-top-column elementor-element elementor-element-2647a51\" data-id=\"2647a51\" data-element_type=\"column\">\n\t\t\t<div class=\"elementor-widget-wrap elementor-element-populated\">\n\t\t\t\t\t\t\t\t<div class=\"elementor-element elementor-element-0e339cf elementor-widget elementor-widget-text-editor\" data-id=\"0e339cf\" data-element_type=\"widget\" data-widget_type=\"text-editor.default\">\n\t\t\t\t<div class=\"elementor-widget-container\">\n\t\t\t\t\t\t\t<p><strong>C\u00f4ng ty TNHH Th\u01b0\u01a1ng m\u1ea1i v\u00e0 V\u1eadn chuy\u1ec3n LUCYCO<\/strong> \u2013 \u0111\u01a1n v\u1ecb uy t\u00edn trong l\u0129nh v\u1ef1c logistics t\u1ea1i Vi\u1ec7t Nam, t\u1ef1 h\u00e0o cung c\u1ea5p d\u1ecbch v\u1ee5 <strong>cho thu\u00ea t\u00e0u<\/strong> ch\u1ea5t l\u01b0\u1ee3ng cao, \u0111\u00e1p \u1ee9ng m\u1ecdi nhu c\u1ea7u v\u1eadn chuy\u1ec3n h\u00e0ng h\u00f3a \u0111\u01b0\u1eddng bi\u1ec3n cho kh\u00e1ch h\u00e0ng trong v\u00e0 ngo\u00e0i n\u01b0\u1edbc. V\u1edbi \u0111\u1ed9i ng\u0169 chuy\u00ean gia gi\u00e0u kinh nghi\u1ec7m, LUCYCO cam k\u1ebft mang \u0111\u1ebfn nh\u1eefng gi\u1ea3i ph\u00e1p v\u1eadn t\u1ea3i t\u1ed1i \u01b0u v\u00e0 an to\u00e0n, gi\u00fap kh\u00e1ch h\u00e0ng ti\u1ebft ki\u1ec7m chi ph\u00ed v\u00e0 th\u1eddi gian v\u1eadn chuy\u1ec3n.<\/p>\t\t\t\t\t\t<\/div>\n\t\t\t\t<\/div>\n\t\t\t\t\t<\/div>\n\t\t<\/div>\n\t\t\t\t\t\t\t<\/div>\n\t\t<\/section>\n\t\t\t\t<section class=\"elementor-section elementor-top-section elementor-element elementor-element-0ff18c5 elementor-section-boxed elementor-section-height-default elementor-section-height-default\" data-id=\"0ff18c5\" data-element_type=\"section\">\n\t\t\t\t\t\t<div class=\"elementor-container elementor-column-gap-default\">\n\t\t\t\t\t<div class=\"elementor-column elementor-col-100 elementor-top-column elementor-element elementor-element-f2f9cc8\" data-id=\"f2f9cc8\" data-element_type=\"column\">\n\t\t\t<div class=\"elementor-widget-wrap elementor-element-populated\">\n\t\t\t\t\t\t\t\t<div class=\"elementor-element elementor-element-c40e007 elementor-widget elementor-widget-text-editor\" data-id=\"c40e007\" data-element_type=\"widget\" data-widget_type=\"text-editor.default\">\n\t\t\t\t<div class=\"elementor-widget-container\">\n\t\t\t\t\t\t\t<h3><strong>1. D\u1ecbch v\u1ee5 cho thu\u00ea t\u00e0u t\u1ea1i LUCYCO<\/strong><\/h3><p>LUCYCO cung c\u1ea5p d\u1ecbch v\u1ee5 cho thu\u00ea t\u00e0u <strong>chuy\u00ean d\u1ee5ng<\/strong>, ph\u00f9 h\u1ee3p v\u1edbi c\u00e1c nhu c\u1ea7u v\u1eadn chuy\u1ec3n h\u00e0ng h\u00f3a \u0111a d\u1ea1ng. D\u1ecbch v\u1ee5 c\u1ee7a ch\u00fang t\u00f4i kh\u00f4ng ch\u1ec9 bao g\u1ed3m vi\u1ec7c cung c\u1ea5p t\u00e0u m\u00e0 c\u00f2n h\u1ed7 tr\u1ee3 kh\u00e1ch h\u00e0ng trong vi\u1ec7c l\u1eadp k\u1ebf ho\u1ea1ch v\u1eadn chuy\u1ec3n, \u0111\u1ea3m b\u1ea3o m\u1ecdi quy tr\u00ecnh di\u1ec5n ra su\u00f4n s\u1ebb, \u0111\u00fang ti\u1ebfn \u0111\u1ed9.<\/p><ul><li><p><strong>Thu\u00ea t\u00e0u chuy\u00ean d\u1ee5ng cho c\u00e1c lo\u1ea1i h\u00e0ng h\u00f3a:<\/strong><\/p><ul><li>H\u00e0ng h\u00f3a kh\u1ed1i l\u01b0\u1ee3ng l\u1edbn, h\u00e0ng h\u00f3a si\u00eau tr\u01b0\u1eddng, si\u00eau tr\u1ecdng.<\/li><li>H\u00e0ng h\u00f3a nguy hi\u1ec3m, h\u00f3a ch\u1ea5t, h\u00e0ng ti\u00eau d\u00f9ng, thi\u1ebft b\u1ecb m\u00e1y m\u00f3c.<\/li><li>D\u1ecbch v\u1ee5 v\u1eadn chuy\u1ec3n h\u00e0ng h\u00f3a xu\u1ea5t nh\u1eadp kh\u1ea9u, h\u00e0ng qu\u1ed1c t\u1ebf.<\/li><\/ul><\/li><li><p><strong>C\u00e1c lo\u1ea1i t\u00e0u cho thu\u00ea:<\/strong><\/p><ul><li>T\u00e0u container, t\u00e0u h\u00e0ng r\u1eddi, t\u00e0u ch\u1edf d\u1ea7u, t\u00e0u ch\u1edf h\u00e0ng si\u00eau tr\u1ecdng.<\/li><li>T\u00e0u c\u00f3 tr\u1ecdng t\u1ea3i linh ho\u1ea1t, ph\u00f9 h\u1ee3p v\u1edbi t\u1eebng lo\u1ea1i h\u00e0ng h\u00f3a c\u1ee5 th\u1ec3.<\/li><\/ul><\/li><li><p><strong>L\u1ecbch tr\u00ecnh linh ho\u1ea1t v\u00e0 t\u1ed1i \u01b0u:<\/strong><\/p><ul><li>T\u00f9y ch\u1ec9nh l\u1ecbch tr\u00ecnh v\u1eadn chuy\u1ec3n ph\u00f9 h\u1ee3p v\u1edbi y\u00eau c\u1ea7u c\u1ee7a kh\u00e1ch h\u00e0ng.<\/li><li>T\u1ed1i \u01b0u h\u00f3a l\u1ed9 tr\u00ecnh v\u1eadn chuy\u1ec3n \u0111\u1ec3 \u0111\u1ea3m b\u1ea3o ti\u1ebft ki\u1ec7m chi ph\u00ed v\u00e0 th\u1eddi gian.<\/li><\/ul><\/li><\/ul>\t\t\t\t\t\t<\/div>\n\t\t\t\t<\/div>\n\t\t\t\t\t<\/div>\n\t\t<\/div>\n\t\t\t\t\t\t\t<\/div>\n\t\t<\/section>\n\t\t\t\t<section class=\"elementor-section elementor-top-section elementor-element elementor-element-073ae46 elementor-section-boxed elementor-section-height-default elementor-section-height-default\" data-id=\"073ae46\" data-element_type=\"section\">\n\t\t\t\t\t\t<div class=\"elementor-container elementor-column-gap-default\">\n\t\t\t\t\t<div class=\"elementor-column elementor-col-50 elementor-top-column elementor-element elementor-element-2e41979\" data-id=\"2e41979\" data-element_type=\"column\">\n\t\t\t<div class=\"elementor-widget-wrap elementor-element-populated\">\n\t\t\t\t\t\t\t\t<div class=\"elementor-element elementor-element-7b033b3 elementor-widget elementor-widget-image\" data-id=\"7b033b3\" data-element_type=\"widget\" data-widget_type=\"image.default\">\n\t\t\t\t<div class=\"elementor-widget-container\">\n\t\t\t\t\t\t\t\t\t\t\t\t\t\t\t<img loading=\"lazy\" decoding=\"async\" width=\"802\" height=\"513\" src=\"https:\/\/lucycovn.com\/wp-content\/uploads\/2024\/11\/word-image-12218-3-802x513-1.jpg\" class=\"attachment-large size-large\" alt=\"\" srcset=\"https:\/\/lucycovn.com\/wp-content\/uploads\/2024\/11\/word-image-12218-3-802x513-1.jpg 802w, https:\/\/lucycovn.com\/wp-content\/uploads\/2024\/11\/word-image-12218-3-802x513-1-300x192.jpg 300w, https:\/\/lucycovn.com\/wp-content\/uploads\/2024\/11\/word-image-12218-3-802x513-1-768x491.jpg 768w\" sizes=\"(max-width: 802px) 100vw, 802px\" \/>\t\t\t\t\t\t\t\t\t\t\t\t\t\t\t<\/div>\n\t\t\t\t<\/div>\n\t\t\t\t\t<\/div>\n\t\t<\/div>\n\t\t\t\t<div class=\"elementor-column elementor-col-50 elementor-top-column elementor-element elementor-element-b682960\" data-id=\"b682960\" data-element_type=\"column\">\n\t\t\t<div class=\"elementor-widget-wrap elementor-element-populated\">\n\t\t\t\t\t\t\t\t<div class=\"elementor-element elementor-element-3b4115e elementor-widget elementor-widget-text-editor\" data-id=\"3b4115e\" data-element_type=\"widget\" data-widget_type=\"text-editor.default\">\n\t\t\t\t<div class=\"elementor-widget-container\">\n\t\t\t\t\t\t\t<h3><strong>L\u1ee3i \u00edch khi s\u1eed d\u1ee5ng d\u1ecbch v\u1ee5 cho thu\u00ea t\u00e0u c\u1ee7a LUCYCO<\/strong><\/h3><ul><li><p><strong>Chi ph\u00ed h\u1ee3p l\u00fd:<\/strong><br \/>D\u1ecbch v\u1ee5 cho thu\u00ea t\u00e0u c\u1ee7a LUCYCO gi\u00fap b\u1ea1n t\u1ed1i \u01b0u h\u00f3a chi ph\u00ed v\u1eadn chuy\u1ec3n, \u0111\u1eb7c bi\u1ec7t \u0111\u1ed1i v\u1edbi c\u00e1c l\u00f4 h\u00e0ng c\u00f3 kh\u1ed1i l\u01b0\u1ee3ng l\u1edbn ho\u1eb7c y\u00eau c\u1ea7u v\u1eadn chuy\u1ec3n chuy\u00ean bi\u1ec7t.<\/p><\/li><li><p><strong>\u0110\u1ea3m b\u1ea3o an to\u00e0n h\u00e0ng h\u00f3a:<\/strong><br \/>Ch\u00fang t\u00f4i cam k\u1ebft b\u1ea3o v\u1ec7 h\u00e0ng h\u00f3a c\u1ee7a b\u1ea1n trong su\u1ed1t qu\u00e1 tr\u00ecnh v\u1eadn chuy\u1ec3n v\u1edbi h\u1ec7 th\u1ed1ng t\u00e0u hi\u1ec7n \u0111\u1ea1i, \u0111\u1ed9i ng\u0169 nh\u00e2n vi\u00ean v\u1eadn h\u00e0nh chuy\u00ean nghi\u1ec7p.<\/p><\/li><li><p><strong>Ti\u1ebft ki\u1ec7m th\u1eddi gian:<\/strong><br \/>V\u1edbi d\u1ecbch v\u1ee5 v\u1eadn chuy\u1ec3n nhanh ch\u00f3ng v\u00e0 linh ho\u1ea1t, kh\u00e1ch h\u00e0ng s\u1ebd gi\u1ea3m thi\u1ec3u th\u1eddi gian ch\u1edd \u0111\u1ee3i v\u00e0 t\u0103ng t\u1ed1c qu\u00e1 tr\u00ecnh giao nh\u1eadn h\u00e0ng h\u00f3a.<\/p><\/li><li><p><strong>D\u1ecbch v\u1ee5 t\u1eadn t\u00e2m:<\/strong><br \/>\u0110\u1ed9i ng\u0169 nh\u00e2n vi\u00ean c\u1ee7a LUCYCO s\u1ebd h\u1ed7 tr\u1ee3 kh\u00e1ch h\u00e0ng t\u1eeb kh\u00e2u l\u00ean k\u1ebf ho\u1ea1ch cho t\u1edbi khi h\u00e0ng h\u00f3a \u0111\u01b0\u1ee3c giao nh\u1eadn th\u00e0nh c\u00f4ng. Ch\u00fang t\u00f4i lu\u00f4n s\u1eb5n s\u00e0ng t\u01b0 v\u1ea5n v\u00e0 cung c\u1ea5p gi\u1ea3i ph\u00e1p v\u1eadn chuy\u1ec3n ph\u00f9 h\u1ee3p nh\u1ea5t.<\/p><\/li><\/ul>\t\t\t\t\t\t<\/div>\n\t\t\t\t<\/div>\n\t\t\t\t\t<\/div>\n\t\t<\/div>\n\t\t\t\t\t\t\t<\/div>\n\t\t<\/section>\n\t\t\t\t<section class=\"elementor-section elementor-top-section elementor-element elementor-element-0a486df elementor-section-boxed elementor-section-height-default elementor-section-height-default\" data-id=\"0a486df\" data-element_type=\"section\">\n\t\t\t\t\t\t<div class=\"elementor-container elementor-column-gap-default\">\n\t\t\t\t\t<div class=\"elementor-column elementor-col-100 elementor-top-column elementor-element elementor-element-786f513\" data-id=\"786f513\" data-element_type=\"column\">\n\t\t\t<div class=\"elementor-widget-wrap elementor-element-populated\">\n\t\t\t\t\t\t\t\t<div class=\"elementor-element elementor-element-c767ddc elementor-widget elementor-widget-text-editor\" data-id=\"c767ddc\" data-element_type=\"widget\" data-widget_type=\"text-editor.default\">\n\t\t\t\t<div class=\"elementor-widget-container\">\n\t\t\t\t\t\t\t<h3><strong>Quy tr\u00ecnh thu\u00ea t\u00e0u t\u1ea1i LUCYCO<\/strong><\/h3><ul><li><p><strong>B\u01b0\u1edbc 1: T\u01b0 v\u1ea5n v\u00e0 kh\u1ea3o s\u00e1t nhu c\u1ea7u:<\/strong><br \/>Nh\u00e2n vi\u00ean c\u1ee7a ch\u00fang t\u00f4i s\u1ebd ti\u1ebfp nh\u1eadn th\u00f4ng tin v\u1ec1 lo\u1ea1i h\u00e0ng h\u00f3a, y\u00eau c\u1ea7u v\u1ec1 th\u1eddi gian, \u0111\u1ecba \u0111i\u1ec3m v\u00e0 c\u00e1c \u0111i\u1ec1u ki\u1ec7n kh\u00e1c t\u1eeb kh\u00e1ch h\u00e0ng.<\/p><\/li><li><p><strong>B\u01b0\u1edbc 2: L\u1eadp k\u1ebf ho\u1ea1ch v\u00e0 b\u00e1o gi\u00e1:<\/strong><br \/>Sau khi \u0111\u00e1nh gi\u00e1 chi ti\u1ebft y\u00eau c\u1ea7u, ch\u00fang t\u00f4i s\u1ebd \u0111\u01b0a ra k\u1ebf ho\u1ea1ch v\u1eadn chuy\u1ec3n t\u1ed1i \u01b0u, c\u00f9ng m\u1ee9c gi\u00e1 h\u1ee3p l\u00fd.<\/p><\/li><li><p><strong>B\u01b0\u1edbc 3: X\u00e1c nh\u1eadn h\u1ee3p \u0111\u1ed3ng:<\/strong><br \/>Hai b\u00ean k\u00fd k\u1ebft h\u1ee3p \u0111\u1ed3ng cho thu\u00ea t\u00e0u, trong \u0111\u00f3 n\u00eau r\u00f5 c\u00e1c \u0111i\u1ec1u kho\u1ea3n, th\u1eddi gian, l\u1ed9 tr\u00ecnh v\u1eadn chuy\u1ec3n v\u00e0 tr\u00e1ch nhi\u1ec7m c\u1ee7a c\u00e1c b\u00ean.<\/p><\/li><li><p><strong>B\u01b0\u1edbc 4: V\u1eadn chuy\u1ec3n v\u00e0 gi\u00e1m s\u00e1t:<\/strong><br \/>T\u00e0u \u0111\u01b0\u1ee3c chu\u1ea9n b\u1ecb v\u00e0 v\u1eadn h\u00e0nh theo k\u1ebf ho\u1ea1ch \u0111\u00e3 th\u1ed1ng nh\u1ea5t, ch\u00fang t\u00f4i s\u1ebd gi\u00e1m s\u00e1t v\u00e0 \u0111\u1ea3m b\u1ea3o h\u00e0ng h\u00f3a \u0111\u1ebfn n\u01a1i \u0111\u00fang th\u1eddi gian v\u00e0 an to\u00e0n.<\/p><\/li><li><p><strong>B\u01b0\u1edbc 5: Thanh l\u00fd h\u1ee3p \u0111\u1ed3ng:<\/strong><br \/>Sau khi v\u1eadn chuy\u1ec3n th\u00e0nh c\u00f4ng, ch\u00fang t\u00f4i s\u1ebd l\u00e0m th\u1ee7 t\u1ee5c thanh l\u00fd h\u1ee3p \u0111\u1ed3ng v\u00e0 thu th\u1eadp ph\u1ea3n h\u1ed3i c\u1ee7a kh\u00e1ch h\u00e0ng v\u1ec1 d\u1ecbch v\u1ee5.<\/p><\/li><\/ul>\t\t\t\t\t\t<\/div>\n\t\t\t\t<\/div>\n\t\t\t\t\t<\/div>\n\t\t<\/div>\n\t\t\t\t\t\t\t<\/div>\n\t\t<\/section>\n\t\t\t\t\t\t<\/div>\n\t\t\t\t\t<\/div>\n\t\t","protected":false},"excerpt":{"rendered":"<p>D\u1ecaCH V\u1ee4 CHO THU\u00ca T\u00c0U C\u1ee6A C\u00d4NG TY TNHH TH\u01af\u01a0NG M\u1ea0I V\u00c0 V\u1eacN CHUY\u1ec2N LUCYCO C\u00f4ng ty TNHH Th\u01b0\u01a1ng m\u1ea1i v\u00e0 V\u1eadn chuy\u1ec3n LUCYCO \u2013 \u0111\u01a1n v\u1ecb uy t\u00edn trong l\u0129nh v\u1ef1c logistics t\u1ea1i Vi\u1ec7t Nam, t\u1ef1 h\u00e0o cung c\u1ea5p d\u1ecbch v\u1ee5 cho thu\u00ea t\u00e0u ch\u1ea5t l\u01b0\u1ee3ng cao, \u0111\u00e1p \u1ee9ng m\u1ecdi nhu c\u1ea7u v\u1eadn chuy\u1ec3n &hellip;<\/p>\n<p class=\"read-more\"> <a class=\"\" href=\"https:\/\/lucycovn.com\/index.php\/dich-vu-cho-thue-tau\/\"> <span class=\"screen-reader-text\">D\u1ecbch v\u1ee5 cho thu\u00ea t\u00e0u<\/span> Read More &raquo;<\/a><\/p>\n","protected":false},"author":1,"featured_media":0,"parent":0,"menu_order":0,"comment_status":"closed","ping_status":"closed","template":"","meta":{"site-sidebar-layout":"no-sidebar","site-content-layout":"page-builder","ast-main-header-display":"","ast-hfb-above-header-display":"","ast-hfb-below-header-display":"","ast-hfb-mobile-header-display":"","site-post-title":"disabled","ast-breadcrumbs-content":"","ast-featured-img":"disabled","footer-sml-layout":"","theme-transparent-header-meta":"","adv-header-id-meta":"","stick-header-meta":"","header-above-stick-meta":"","header-main-stick-meta":"","header-below-stick-meta":"","footnotes":""},"class_list":["post-1933","page","type-page","status-publish","hentry"],"_links":{"self":[{"href":"https:\/\/lucycovn.com\/index.php\/wp-json\/wp\/v2\/pages\/1933"}],"collection":[{"href":"https:\/\/lucycovn.com\/index.php\/wp-json\/wp\/v2\/pages"}],"about":[{"href":"https:\/\/lucycovn.com\/index.php\/wp-json\/wp\/v2\/types\/page"}],"author":[{"embeddable":true,"href":"https:\/\/lucycovn.com\/index.php\/wp-json\/wp\/v2\/users\/1"}],"replies":[{"embeddable":true,"href":"https:\/\/lucycovn.com\/index.php\/wp-json\/wp\/v2\/comments?post=1933"}],"version-history":[{"count":4,"href":"https:\/\/lucycovn.com\/index.php\/wp-json\/wp\/v2\/pages\/1933\/revisions"}],"predecessor-version":[{"id":1937,"href":"https:\/\/lucycovn.com\/index.php\/wp-json\/wp\/v2\/pages\/1933\/revisions\/1937"}],"wp:attachment":[{"href":"https:\/\/lucycovn.com\/index.php\/wp-json\/wp\/v2\/media?parent=1933"}],"curies":[{"name":"wp","href":"https:\/\/api.w.org\/{rel}","templated":true}]}}