{"id":1938,"date":"2024-11-29T07:05:23","date_gmt":"2024-11-29T07:05:23","guid":{"rendered":"https:\/\/lucycovn.com\/?page_id=1938"},"modified":"2024-11-29T07:12:49","modified_gmt":"2024-11-29T07:12:49","slug":"van-chuyen-hang-lanh","status":"publish","type":"page","link":"https:\/\/lucycovn.com\/index.php\/van-chuyen-hang-lanh\/","title":{"rendered":"V\u1eadn chuy\u1ec3n h\u00e0ng l\u1ea1nh"},"content":{"rendered":"\t\t<div data-elementor-type=\"wp-page\" data-elementor-id=\"1938\" class=\"elementor elementor-1938\" data-elementor-settings=\"[]\">\n\t\t\t\t\t\t\t<div class=\"elementor-section-wrap\">\n\t\t\t\t\t\t\t<section class=\"elementor-section elementor-top-section elementor-element elementor-element-027c4f7 elementor-section-boxed elementor-section-height-default elementor-section-height-default\" data-id=\"027c4f7\" data-element_type=\"section\">\n\t\t\t\t\t\t<div class=\"elementor-container elementor-column-gap-default\">\n\t\t\t\t\t<div class=\"elementor-column elementor-col-100 elementor-top-column elementor-element elementor-element-affd05d\" data-id=\"affd05d\" data-element_type=\"column\">\n\t\t\t<div class=\"elementor-widget-wrap elementor-element-populated\">\n\t\t\t\t\t\t\t\t<div class=\"elementor-element elementor-element-5724fae elementor-widget elementor-widget-heading\" data-id=\"5724fae\" data-element_type=\"widget\" data-widget_type=\"heading.default\">\n\t\t\t\t<div class=\"elementor-widget-container\">\n\t\t\t<h3 class=\"elementor-heading-title elementor-size-default\">D\u1ecaCH V\u1ee4 V\u1eacN T\u1ea2I H\u00c0NG L\u1ea0NH C\u1ee6A C\u00d4NG TY TNHH TH\u01af\u01a0NG M\u1ea0I V\u00c0 V\u1eacN CHUY\u1ec2N LUCYCO<\/h3>\t\t<\/div>\n\t\t\t\t<\/div>\n\t\t\t\t\t<\/div>\n\t\t<\/div>\n\t\t\t\t\t\t\t<\/div>\n\t\t<\/section>\n\t\t\t\t<section class=\"elementor-section elementor-top-section elementor-element elementor-element-4f6c2e0 elementor-section-boxed elementor-section-height-default elementor-section-height-default\" data-id=\"4f6c2e0\" data-element_type=\"section\">\n\t\t\t\t\t\t<div class=\"elementor-container elementor-column-gap-default\">\n\t\t\t\t\t<div class=\"elementor-column elementor-col-100 elementor-top-column elementor-element elementor-element-f7a1a64\" data-id=\"f7a1a64\" data-element_type=\"column\">\n\t\t\t<div class=\"elementor-widget-wrap elementor-element-populated\">\n\t\t\t\t\t\t\t\t<div class=\"elementor-element elementor-element-49a7d5c elementor-widget elementor-widget-text-editor\" data-id=\"49a7d5c\" data-element_type=\"widget\" data-widget_type=\"text-editor.default\">\n\t\t\t\t<div class=\"elementor-widget-container\">\n\t\t\t\t\t\t\t<p><strong>C\u00f4ng ty TNHH Th\u01b0\u01a1ng m\u1ea1i v\u00e0 V\u1eadn chuy\u1ec3n LUCYCO<\/strong> t\u1ef1 h\u00e0o l\u00e0 \u0111\u01a1n v\u1ecb cung c\u1ea5p d\u1ecbch v\u1ee5 <strong>v\u1eadn t\u1ea3i h\u00e0ng l\u1ea1nh<\/strong> chuy\u00ean nghi\u1ec7p v\u00e0 uy t\u00edn, \u0111\u00e1p \u1ee9ng \u0111\u1ea7y \u0111\u1ee7 c\u00e1c y\u00eau c\u1ea7u kh\u1eaft khe trong v\u1eadn chuy\u1ec3n c\u00e1c lo\u1ea1i h\u00e0ng h\u00f3a y\u00eau c\u1ea7u \u0111i\u1ec1u ki\u1ec7n nhi\u1ec7t \u0111\u1ed9 \u0111\u1eb7c bi\u1ec7t nh\u01b0 th\u1ef1c ph\u1ea9m, d\u01b0\u1ee3c ph\u1ea9m, h\u00f3a ch\u1ea5t, v.v. V\u1edbi \u0111\u1ed9i ng\u0169 nh\u00e2n vi\u00ean gi\u00e0u kinh nghi\u1ec7m v\u00e0 h\u1ec7 th\u1ed1ng xe v\u1eadn chuy\u1ec3n hi\u1ec7n \u0111\u1ea1i, LUCYCO cam k\u1ebft mang \u0111\u1ebfn cho kh\u00e1ch h\u00e0ng d\u1ecbch v\u1ee5 an to\u00e0n, \u0111\u00fang ti\u1ebfn \u0111\u1ed9 v\u00e0 hi\u1ec7u qu\u1ea3.<\/p>\t\t\t\t\t\t<\/div>\n\t\t\t\t<\/div>\n\t\t\t\t\t<\/div>\n\t\t<\/div>\n\t\t\t\t\t\t\t<\/div>\n\t\t<\/section>\n\t\t\t\t<section class=\"elementor-section elementor-top-section elementor-element elementor-element-93710f7 elementor-section-boxed elementor-section-height-default elementor-section-height-default\" data-id=\"93710f7\" data-element_type=\"section\">\n\t\t\t\t\t\t<div class=\"elementor-container elementor-column-gap-default\">\n\t\t\t\t\t<div class=\"elementor-column elementor-col-100 elementor-top-column elementor-element elementor-element-654c2ce\" data-id=\"654c2ce\" data-element_type=\"column\">\n\t\t\t<div class=\"elementor-widget-wrap elementor-element-populated\">\n\t\t\t\t\t\t\t\t<div class=\"elementor-element elementor-element-d9aa2ad elementor-widget elementor-widget-text-editor\" data-id=\"d9aa2ad\" data-element_type=\"widget\" data-widget_type=\"text-editor.default\">\n\t\t\t\t<div class=\"elementor-widget-container\">\n\t\t\t\t\t\t\t<h3><strong>D\u1ecbch v\u1ee5 v\u1eadn t\u1ea3i h\u00e0ng l\u1ea1nh t\u1ea1i LUCYCO<\/strong><\/h3><p>V\u1eadn t\u1ea3i h\u00e0ng l\u1ea1nh l\u00e0 m\u1ed9t trong nh\u1eefng d\u1ecbch v\u1ee5 ch\u1ee7 ch\u1ed1t c\u1ee7a <strong>LUCYCO<\/strong>, \u0111\u01b0\u1ee3c thi\u1ebft k\u1ebf \u0111\u1ec3 \u0111\u00e1p \u1ee9ng nhu c\u1ea7u v\u1eadn chuy\u1ec3n c\u00e1c lo\u1ea1i h\u00e0ng h\u00f3a y\u00eau c\u1ea7u nhi\u1ec7t \u0111\u1ed9 \u1ed5n \u0111\u1ecbnh trong su\u1ed1t qu\u00e1 tr\u00ecnh v\u1eadn chuy\u1ec3n. D\u1ecbch v\u1ee5 c\u1ee7a ch\u00fang t\u00f4i bao g\u1ed3m:<\/p><ul><li><p><strong>V\u1eadn chuy\u1ec3n th\u1ef1c ph\u1ea9m:<\/strong><br \/>Ch\u00fang t\u00f4i chuy\u00ean v\u1eadn chuy\u1ec3n c\u00e1c lo\u1ea1i th\u1ef1c ph\u1ea9m t\u01b0\u01a1i s\u1ed1ng, \u0111\u00f4ng l\u1ea1nh, th\u1ee7y s\u1ea3n, th\u1ecbt, rau c\u1ee7 qu\u1ea3, v.v., y\u00eau c\u1ea7u duy tr\u00ec nhi\u1ec7t \u0111\u1ed9 l\u1ea1nh \u1ed5n \u0111\u1ecbnh t\u1eeb -18\u00b0C \u0111\u1ebfn 5\u00b0C \u0111\u1ec3 \u0111\u1ea3m b\u1ea3o ch\u1ea5t l\u01b0\u1ee3ng v\u00e0 an to\u00e0n th\u1ef1c ph\u1ea9m.<\/p><\/li><li><p><strong>V\u1eadn chuy\u1ec3n d\u01b0\u1ee3c ph\u1ea9m v\u00e0 h\u00f3a ch\u1ea5t:<\/strong><br \/>LUCYCO cung c\u1ea5p d\u1ecbch v\u1ee5 v\u1eadn chuy\u1ec3n d\u01b0\u1ee3c ph\u1ea9m, v\u1eafc-xin, thu\u1ed1c c\u1ea7n b\u1ea3o qu\u1ea3n \u1edf nhi\u1ec7t \u0111\u1ed9 th\u1ea5p, \u0111\u1ea3m b\u1ea3o s\u1ea3n ph\u1ea9m kh\u00f4ng b\u1ecb h\u01b0 h\u1ecfng, m\u1ea5t t\u00e1c d\u1ee5ng trong su\u1ed1t qu\u00e1 tr\u00ecnh v\u1eadn chuy\u1ec3n.<\/p><\/li><li><p><strong>V\u1eadn chuy\u1ec3n h\u00e0ng h\u00f3a \u0111\u1eb7c bi\u1ec7t kh\u00e1c:<\/strong><br \/>D\u1ecbch v\u1ee5 v\u1eadn chuy\u1ec3n h\u00e0ng h\u00f3a y\u00eau c\u1ea7u nhi\u1ec7t \u0111\u1ed9 \u0111\u1eb7c bi\u1ec7t nh\u01b0 hoa t\u01b0\u01a1i, s\u1ea3n ph\u1ea9m y t\u1ebf, c\u00e1c v\u1eadt li\u1ec7u d\u1ec5 b\u1ecb h\u01b0 h\u1ecfng do nhi\u1ec7t \u0111\u1ed9 kh\u00f4ng \u1ed5n \u0111\u1ecbnh.<\/p><\/li><\/ul>\t\t\t\t\t\t<\/div>\n\t\t\t\t<\/div>\n\t\t\t\t\t<\/div>\n\t\t<\/div>\n\t\t\t\t\t\t\t<\/div>\n\t\t<\/section>\n\t\t\t\t<section class=\"elementor-section elementor-top-section elementor-element elementor-element-4018046 elementor-section-boxed elementor-section-height-default elementor-section-height-default\" data-id=\"4018046\" data-element_type=\"section\">\n\t\t\t\t\t\t<div class=\"elementor-container elementor-column-gap-default\">\n\t\t\t\t\t<div class=\"elementor-column elementor-col-50 elementor-top-column elementor-element elementor-element-e16e512\" data-id=\"e16e512\" data-element_type=\"column\">\n\t\t\t<div class=\"elementor-widget-wrap elementor-element-populated\">\n\t\t\t\t\t\t\t\t<div class=\"elementor-element elementor-element-226ec15 elementor-widget elementor-widget-image\" data-id=\"226ec15\" data-element_type=\"widget\" data-widget_type=\"image.default\">\n\t\t\t\t<div class=\"elementor-widget-container\">\n\t\t\t\t\t\t\t\t\t\t\t\t\t\t\t<img loading=\"lazy\" decoding=\"async\" width=\"600\" height=\"405\" src=\"https:\/\/lucycovn.com\/wp-content\/uploads\/2024\/11\/1-tim-hieu-ve-hang-lanh-la-gi.jpg\" class=\"attachment-large size-large\" alt=\"\" srcset=\"https:\/\/lucycovn.com\/wp-content\/uploads\/2024\/11\/1-tim-hieu-ve-hang-lanh-la-gi.jpg 600w, https:\/\/lucycovn.com\/wp-content\/uploads\/2024\/11\/1-tim-hieu-ve-hang-lanh-la-gi-300x203.jpg 300w\" sizes=\"(max-width: 600px) 100vw, 600px\" \/>\t\t\t\t\t\t\t\t\t\t\t\t\t\t\t<\/div>\n\t\t\t\t<\/div>\n\t\t\t\t\t<\/div>\n\t\t<\/div>\n\t\t\t\t<div class=\"elementor-column elementor-col-50 elementor-top-column elementor-element elementor-element-c5340f4\" data-id=\"c5340f4\" data-element_type=\"column\">\n\t\t\t<div class=\"elementor-widget-wrap elementor-element-populated\">\n\t\t\t\t\t\t\t\t<div class=\"elementor-element elementor-element-633746c elementor-widget elementor-widget-text-editor\" data-id=\"633746c\" data-element_type=\"widget\" data-widget_type=\"text-editor.default\">\n\t\t\t\t<div class=\"elementor-widget-container\">\n\t\t\t\t\t\t\t<h3><strong>L\u1ee3i \u00edch khi s\u1eed d\u1ee5ng d\u1ecbch v\u1ee5 v\u1eadn t\u1ea3i h\u00e0ng l\u1ea1nh c\u1ee7a LUCYCO<\/strong><\/h3><ul><li><p><strong>\u0110\u1ea3m b\u1ea3o ch\u1ea5t l\u01b0\u1ee3ng h\u00e0ng h\u00f3a:<\/strong><br \/>V\u1edbi h\u1ec7 th\u1ed1ng xe l\u1ea1nh hi\u1ec7n \u0111\u1ea1i v\u00e0 c\u00f4ng ngh\u1ec7 ki\u1ec3m so\u00e1t nhi\u1ec7t \u0111\u1ed9 ti\u00ean ti\u1ebfn, ch\u00fang t\u00f4i \u0111\u1ea3m b\u1ea3o h\u00e0ng h\u00f3a \u0111\u01b0\u1ee3c v\u1eadn chuy\u1ec3n trong \u0111i\u1ec1u ki\u1ec7n nhi\u1ec7t \u0111\u1ed9 ch\u00ednh x\u00e1c v\u00e0 \u1ed5n \u0111\u1ecbnh, t\u1eeb \u0111\u00f3 gi\u1eef nguy\u00ean ch\u1ea5t l\u01b0\u1ee3ng s\u1ea3n ph\u1ea9m.<\/p><\/li><li><p><strong>V\u1eadn chuy\u1ec3n \u0111\u00fang ti\u1ebfn \u0111\u1ed9:<\/strong><br \/>LUCYCO hi\u1ec3u r\u1eb1ng th\u1eddi gian l\u00e0 y\u1ebfu t\u1ed1 quan tr\u1ecdng khi v\u1eadn chuy\u1ec3n h\u00e0ng l\u1ea1nh. Ch\u00fang t\u00f4i cam k\u1ebft giao h\u00e0ng \u0111\u00fang th\u1eddi gian, tr\u00e1nh t\u00ecnh tr\u1ea1ng h\u01b0 h\u1ecfng, m\u1ea5t m\u00e1t do ch\u1eadm tr\u1ec5.<\/p><\/li><li><p><strong>H\u1ed7 tr\u1ee3 24\/7:<\/strong><br \/>Ch\u00fang t\u00f4i cung c\u1ea5p d\u1ecbch v\u1ee5 ch\u0103m s\u00f3c kh\u00e1ch h\u00e0ng chuy\u00ean nghi\u1ec7p, h\u1ed7 tr\u1ee3 gi\u1ea3i quy\u1ebft m\u1ecdi v\u1ea5n \u0111\u1ec1 li\u00ean quan \u0111\u1ebfn v\u1eadn chuy\u1ec3n h\u00e0ng l\u1ea1nh m\u1ecdi l\u00fac m\u1ecdi n\u01a1i.<\/p><\/li><li><p><strong>M\u1ea1ng l\u01b0\u1edbi v\u1eadn chuy\u1ec3n r\u1ed9ng kh\u1eafp:<\/strong><br \/>LUCYCO c\u00f3 h\u1ec7 th\u1ed1ng xe l\u1ea1nh ph\u1ee7 s\u00f3ng kh\u1eafp c\u1ea3 n\u01b0\u1edbc, t\u1eeb c\u00e1c khu v\u1ef1c th\u00e0nh ph\u1ed1 l\u1edbn \u0111\u1ebfn c\u00e1c khu v\u1ef1c mi\u1ec1n n\u00fai v\u00e0 v\u00f9ng s\u00e2u, gi\u00fap kh\u00e1ch h\u00e0ng v\u1eadn chuy\u1ec3n h\u00e0ng l\u1ea1nh \u0111\u1ebfn m\u1ecdi \u0111i\u1ec3m \u0111\u1ebfn m\u1ed9t c\u00e1ch nhanh ch\u00f3ng v\u00e0 an to\u00e0n.<\/p><\/li><\/ul>\t\t\t\t\t\t<\/div>\n\t\t\t\t<\/div>\n\t\t\t\t\t<\/div>\n\t\t<\/div>\n\t\t\t\t\t\t\t<\/div>\n\t\t<\/section>\n\t\t\t\t<section class=\"elementor-section elementor-top-section elementor-element elementor-element-7b06026 elementor-section-boxed elementor-section-height-default elementor-section-height-default\" data-id=\"7b06026\" data-element_type=\"section\">\n\t\t\t\t\t\t<div class=\"elementor-container elementor-column-gap-default\">\n\t\t\t\t\t<div class=\"elementor-column elementor-col-100 elementor-top-column elementor-element elementor-element-f2c4963\" data-id=\"f2c4963\" data-element_type=\"column\">\n\t\t\t<div class=\"elementor-widget-wrap elementor-element-populated\">\n\t\t\t\t\t\t\t\t<div class=\"elementor-element elementor-element-b0a38cb elementor-widget elementor-widget-text-editor\" data-id=\"b0a38cb\" data-element_type=\"widget\" data-widget_type=\"text-editor.default\">\n\t\t\t\t<div class=\"elementor-widget-container\">\n\t\t\t\t\t\t\t<h3><strong>Quy tr\u00ecnh v\u1eadn chuy\u1ec3n h\u00e0ng l\u1ea1nh t\u1ea1i LUCYCO<\/strong><\/h3><ul><li><p><strong>B\u01b0\u1edbc 1: Ti\u1ebfp nh\u1eadn y\u00eau c\u1ea7u v\u1eadn chuy\u1ec3n<\/strong><br \/>Kh\u00e1ch h\u00e0ng cung c\u1ea5p th\u00f4ng tin v\u1ec1 lo\u1ea1i h\u00e0ng h\u00f3a, y\u00eau c\u1ea7u v\u1ec1 nhi\u1ec7t \u0111\u1ed9, \u0111\u1ecba \u0111i\u1ec3m giao nh\u1eadn v\u00e0 th\u1eddi gian v\u1eadn chuy\u1ec3n.<\/p><\/li><li><p><strong>B\u01b0\u1edbc 2: L\u1eadp k\u1ebf ho\u1ea1ch v\u1eadn chuy\u1ec3n<\/strong><br \/>LUCYCO l\u00ean k\u1ebf ho\u1ea1ch v\u1eadn chuy\u1ec3n chi ti\u1ebft, l\u1ef1a ch\u1ecdn ph\u01b0\u01a1ng ti\u1ec7n ph\u00f9 h\u1ee3p, \u0111\u1ea3m b\u1ea3o nhi\u1ec7t \u0111\u1ed9 b\u1ea3o qu\u1ea3n \u0111\u00fang y\u00eau c\u1ea7u c\u1ee7a kh\u00e1ch h\u00e0ng.<\/p><\/li><li><p><strong>B\u01b0\u1edbc 3: V\u1eadn chuy\u1ec3n v\u00e0 gi\u00e1m s\u00e1t<\/strong><br \/>H\u00e0ng h\u00f3a \u0111\u01b0\u1ee3c \u0111\u01b0a l\u00ean c\u00e1c xe l\u1ea1nh chuy\u00ean d\u1ee5ng. Ch\u00fang t\u00f4i s\u1eed d\u1ee5ng c\u00f4ng ngh\u1ec7 gi\u00e1m s\u00e1t nhi\u1ec7t \u0111\u1ed9 trong su\u1ed1t qu\u00e1 tr\u00ecnh v\u1eadn chuy\u1ec3n \u0111\u1ec3 \u0111\u1ea3m b\u1ea3o ch\u1ea5t l\u01b0\u1ee3ng h\u00e0ng h\u00f3a kh\u00f4ng b\u1ecb \u1ea3nh h\u01b0\u1edfng.<\/p><\/li><li><p><strong>B\u01b0\u1edbc 4: Giao nh\u1eadn h\u00e0ng h\u00f3a<\/strong><br \/>Sau khi h\u00e0ng h\u00f3a \u0111\u1ebfn n\u01a1i, ch\u00fang t\u00f4i ki\u1ec3m tra l\u1ea1i ch\u1ea5t l\u01b0\u1ee3ng v\u00e0 giao h\u00e0ng cho kh\u00e1ch h\u00e0ng \u0111\u00fang h\u1eb9n.<\/p><\/li><\/ul>\t\t\t\t\t\t<\/div>\n\t\t\t\t<\/div>\n\t\t\t\t\t<\/div>\n\t\t<\/div>\n\t\t\t\t\t\t\t<\/div>\n\t\t<\/section>\n\t\t\t\t\t\t<\/div>\n\t\t\t\t\t<\/div>\n\t\t","protected":false},"excerpt":{"rendered":"<p>D\u1ecaCH V\u1ee4 V\u1eacN T\u1ea2I H\u00c0NG L\u1ea0NH C\u1ee6A C\u00d4NG TY TNHH TH\u01af\u01a0NG M\u1ea0I V\u00c0 V\u1eacN CHUY\u1ec2N LUCYCO C\u00f4ng ty TNHH Th\u01b0\u01a1ng m\u1ea1i v\u00e0 V\u1eadn chuy\u1ec3n LUCYCO t\u1ef1 h\u00e0o l\u00e0 \u0111\u01a1n v\u1ecb cung c\u1ea5p d\u1ecbch v\u1ee5 v\u1eadn t\u1ea3i h\u00e0ng l\u1ea1nh chuy\u00ean nghi\u1ec7p v\u00e0 uy t\u00edn, \u0111\u00e1p \u1ee9ng \u0111\u1ea7y \u0111\u1ee7 c\u00e1c y\u00eau c\u1ea7u kh\u1eaft khe trong v\u1eadn chuy\u1ec3n &hellip;<\/p>\n<p class=\"read-more\"> <a class=\"\" href=\"https:\/\/lucycovn.com\/index.php\/van-chuyen-hang-lanh\/\"> <span class=\"screen-reader-text\">V\u1eadn chuy\u1ec3n h\u00e0ng l\u1ea1nh<\/span> Read More &raquo;<\/a><\/p>\n","protected":false},"author":1,"featured_media":0,"parent":0,"menu_order":0,"comment_status":"closed","ping_status":"closed","template":"","meta":{"site-sidebar-layout":"no-sidebar","site-content-layout":"page-builder","ast-main-header-display":"","ast-hfb-above-header-display":"","ast-hfb-below-header-display":"","ast-hfb-mobile-header-display":"","site-post-title":"disabled","ast-breadcrumbs-content":"","ast-featured-img":"disabled","footer-sml-layout":"","theme-transparent-header-meta":"","adv-header-id-meta":"","stick-header-meta":"","header-above-stick-meta":"","header-main-stick-meta":"","header-below-stick-meta":"","footnotes":""},"class_list":["post-1938","page","type-page","status-publish","hentry"],"_links":{"self":[{"href":"https:\/\/lucycovn.com\/index.php\/wp-json\/wp\/v2\/pages\/1938"}],"collection":[{"href":"https:\/\/lucycovn.com\/index.php\/wp-json\/wp\/v2\/pages"}],"about":[{"href":"https:\/\/lucycovn.com\/index.php\/wp-json\/wp\/v2\/types\/page"}],"author":[{"embeddable":true,"href":"https:\/\/lucycovn.com\/index.php\/wp-json\/wp\/v2\/users\/1"}],"replies":[{"embeddable":true,"href":"https:\/\/lucycovn.com\/index.php\/wp-json\/wp\/v2\/comments?post=1938"}],"version-history":[{"count":4,"href":"https:\/\/lucycovn.com\/index.php\/wp-json\/wp\/v2\/pages\/1938\/revisions"}],"predecessor-version":[{"id":1944,"href":"https:\/\/lucycovn.com\/index.php\/wp-json\/wp\/v2\/pages\/1938\/revisions\/1944"}],"wp:attachment":[{"href":"https:\/\/lucycovn.com\/index.php\/wp-json\/wp\/v2\/media?parent=1938"}],"curies":[{"name":"wp","href":"https:\/\/api.w.org\/{rel}","templated":true}]}}